{"id":1375,"date":"2022-02-17T23:29:07","date_gmt":"2022-02-17T23:29:07","guid":{"rendered":"http:\/\/292.f2f.myftpupload.com\/?page_id=1375"},"modified":"2025-03-06T12:47:27","modified_gmt":"2025-03-06T12:47:27","slug":"psychotherapy","status":"publish","type":"page","link":"https:\/\/dryazmarimon.com\/es\/service\/psychotherapy\/","title":{"rendered":"Psicoterapia"},"content":{"rendered":"<style>.elementor-1375 .elementor-element.elementor-element-8724b33{text-align:center;}.elementor-1375 .elementor-element.elementor-element-8724b33 .section-heading p{font-size:18px;}<\/style>\t\t<div data-elementor-type=\"wp-page\" data-elementor-id=\"1375\" class=\"elementor elementor-1375\">\n\t\t\t\t\t\t<section class=\"elementor-section elementor-top-section elementor-element elementor-element-8bfa279 elementor-section-boxed elementor-section-height-default elementor-section-height-default\" data-id=\"8bfa279\" data-element_type=\"section\">\n\t\t\t\t\t\t<div class=\"elementor-container elementor-column-gap-default\">\n\t\t\t\t\t<div class=\"elementor-column elementor-col-100 elementor-top-column elementor-element elementor-element-6dc1bb1\" data-id=\"6dc1bb1\" data-element_type=\"column\">\n\t\t\t<div class=\"elementor-widget-wrap elementor-element-populated\">\n\t\t\t\t\t\t<div class=\"elementor-element elementor-element-558505b elementor-widget elementor-widget-image\" data-id=\"558505b\" data-element_type=\"widget\" data-widget_type=\"image.default\">\n\t\t\t\t<div class=\"elementor-widget-container\">\n\t\t\t\t\t\t\t\t\t\t\t\t\t\t\t<img fetchpriority=\"high\" decoding=\"async\" width=\"1536\" height=\"1024\" src=\"https:\/\/dryazmarimon.com\/wp-content\/uploads\/2022\/02\/2.-Psicoterapia-1536x1024.jpg\" class=\"attachment-1536x1536 size-1536x1536 wp-image-1393\" alt=\"\" srcset=\"https:\/\/dryazmarimon.com\/wp-content\/uploads\/2022\/02\/2.-Psicoterapia-1536x1024.jpg 1536w, https:\/\/dryazmarimon.com\/wp-content\/uploads\/2022\/02\/2.-Psicoterapia-500x333.jpg 500w, https:\/\/dryazmarimon.com\/wp-content\/uploads\/2022\/02\/2.-Psicoterapia-300x200.jpg 300w, https:\/\/dryazmarimon.com\/wp-content\/uploads\/2022\/02\/2.-Psicoterapia-1024x683.jpg 1024w, https:\/\/dryazmarimon.com\/wp-content\/uploads\/2022\/02\/2.-Psicoterapia-768x512.jpg 768w, https:\/\/dryazmarimon.com\/wp-content\/uploads\/2022\/02\/2.-Psicoterapia.jpg 1920w\" sizes=\"(max-width: 1536px) 100vw, 1536px\" \/>\t\t\t\t\t\t\t\t\t\t\t\t\t\t\t<\/div>\n\t\t\t\t<\/div>\n\t\t\t\t\t<\/div>\n\t\t<\/div>\n\t\t\t\t\t<\/div>\n\t\t<\/section>\n\t\t\t\t<section class=\"elementor-section elementor-top-section elementor-element elementor-element-d0a2964 elementor-section-boxed elementor-section-height-default elementor-section-height-default\" data-id=\"d0a2964\" data-element_type=\"section\">\n\t\t\t\t\t\t<div class=\"elementor-container elementor-column-gap-default\">\n\t\t\t\t\t<div class=\"elementor-column elementor-col-100 elementor-top-column elementor-element elementor-element-be0f937\" data-id=\"be0f937\" data-element_type=\"column\">\n\t\t\t<div class=\"elementor-widget-wrap elementor-element-populated\">\n\t\t\t\t\t\t<div class=\"elementor-element elementor-element-8724b33 elementor-widget elementor-widget-bdevs-heading bdevselement bdevs-heading\" data-id=\"8724b33\" data-element_type=\"widget\" data-settings=\"{&quot;design_style&quot;:&quot;style_1&quot;}\" data-widget_type=\"bdevs-heading.default\">\n\t\t\t\t<div class=\"elementor-widget-container\">\n\t\t\t\t\t\r\n                <div class=\"section-heading\">\r\n                            <h4 class=\"sub-title\">Servicios<\/h4>\r\n                        \r\n\r\n            <h2 class=\"section-title shape\">Mejora tu vida personal y en pareja<\/h2>            \r\n                            <p>Individual y en pareja. Disfruta los beneficios de acudir a terapia de la mano de un profesional.\n\n<\/p>\r\n                    <\/div>\r\n        \r\n        \t\t\t\t<\/div>\n\t\t\t\t<\/div>\n\t\t\t\t\t<\/div>\n\t\t<\/div>\n\t\t\t\t\t<\/div>\n\t\t<\/section>\n\t\t\t\t<section class=\"elementor-section elementor-top-section elementor-element elementor-element-c46d3ba elementor-section-boxed elementor-section-height-default elementor-section-height-default\" data-id=\"c46d3ba\" data-element_type=\"section\">\n\t\t\t\t\t\t<div class=\"elementor-container elementor-column-gap-default\">\n\t\t\t\t\t<div class=\"elementor-column elementor-col-100 elementor-top-column elementor-element elementor-element-0687c7f\" data-id=\"0687c7f\" data-element_type=\"column\">\n\t\t\t<div class=\"elementor-widget-wrap elementor-element-populated\">\n\t\t\t\t\t\t<div class=\"elementor-element elementor-element-b548911 elementor-widget elementor-widget-text-editor\" data-id=\"b548911\" data-element_type=\"widget\" data-widget_type=\"text-editor.default\">\n\t\t\t\t<div class=\"elementor-widget-container\">\n\t\t\t\t\t\t\t\t\t<div class=\"marFront\"><h4 class=\"customText checkMark marBack\">Enfoque Terap\u00e9utico<\/h4><p>Mi objetivo es crear una relaci\u00f3n profesional y emp\u00e1tica contigo y desarrollar un plan personalizado de acuerdo a las necesidades y metas individualizadas<\/p><p>Mis especializaciones son:<\/p><ul class=\"ulMar\"><li>Relaciones de pareja: comunicaci\u00f3n, confianza, intimidad sexual<\/li><li>Disfunciones sexuales<\/li><li>Adicci\u00f3n sexual<\/li><li>Depresi\u00f3n y ansiedad<\/li><li>Adaptaci\u00f3n a los factores estresantes de la vida.<\/li><li>Trauma\/abuso (PTSD).<\/li><\/ul><h2>\u00a0<\/h2><h4 class=\"customText checkMark marBack\">Teor\u00edas aplicadas<\/h4><p>Me apoyo en diversas teor\u00edas y t\u00e9cnicas psicol\u00f3gicas entre las que destacan:<\/p><ul class=\"ulMar\"><li>Terapia Cognitiva Conductual.<\/li><li>Desensibilizaci\u00f3n y el Reprocesamiento del Movimiento Ocular (EMDR).<\/li><li>Modelo PLISSIT de terapia sexual.<\/li><li>Neurobiolog\u00eda interpersonal<\/li><li>Mindfulness y los conceptos de psicolog\u00eda positiva.<\/li><li>Teoria Psicodinamica<\/li><li>Terapia para parejas: Imago, m\u00e9todo Gottman, EFT<\/li><\/ul><p>The success of my therapy is based on couples therapy focused on: Encounters where each part feels a change at the same session through experiential exercises.<\/p><h2>\u00a0<\/h2><h4 class=\"customText checkMark marBack\">\u00bfC\u00f3mo iniciamos?<\/h4><p>Primero, \u00a1te doy la bienvenida a un espacio libre de prejuicios!<\/p><ul class=\"ulMar\"><li>Hago una evaluaci\u00f3n inicial para explorar las preocupaciones de la persona o pareja.<\/li><li>Luego, en la pr\u00f3xima sesi\u00f3n, creo un plan de tratamiento que responde a tus necesidades y objetivos.<\/li><li>Las siguientes sesiones se centran en ejercicios y t\u00e9cnicas espec\u00edficas para cumplir los objetivos propuestos.<\/li><li>A continuaci\u00f3n, hago sesiones de seguimiento para continuar trabajando en el desarrollo del crecimiento personal y los cambios alcanzados<\/li><li>Una vez que se cumplen todos estos pasos y se satisfacen sus necesidades, la Dra. Yazmine ofrece un plan de seguimiento por correo electr\u00f3nico o por sesiones mensuales.<\/li><\/ul><\/div>\t\t\t\t\t\t\t\t<\/div>\n\t\t\t\t<\/div>\n\t\t\t\t\t<\/div>\n\t\t<\/div>\n\t\t\t\t\t<\/div>\n\t\t<\/section>\n\t\t\t\t<section class=\"elementor-section elementor-top-section elementor-element elementor-element-4832d1e elementor-section-boxed elementor-section-height-default elementor-section-height-default\" data-id=\"4832d1e\" data-element_type=\"section\">\n\t\t\t\t\t\t<div class=\"elementor-container elementor-column-gap-default\">\n\t\t\t\t\t<div class=\"elementor-column elementor-col-100 elementor-top-column elementor-element elementor-element-1a2794c\" data-id=\"1a2794c\" data-element_type=\"column\">\n\t\t\t<div class=\"elementor-widget-wrap elementor-element-populated\">\n\t\t\t\t\t\t<div class=\"elementor-element elementor-element-dccc0d1 elementor-widget elementor-widget-shortcode\" data-id=\"dccc0d1\" data-element_type=\"widget\" data-widget_type=\"shortcode.default\">\n\t\t\t\t<div class=\"elementor-widget-container\">\n\t\t\t\t\t\t\t<div class=\"elementor-shortcode\"><style>.elementor-3137 .elementor-element.elementor-element-b277234 > .elementor-container{max-width:1467px;}.elementor-3137 .elementor-element.elementor-element-b277234, .elementor-3137 .elementor-element.elementor-element-b277234 > .elementor-background-overlay{border-radius:100px 100px 100px 100px;}.elementor-3137 .elementor-element.elementor-element-b277234{margin-top:20px;margin-bottom:20px;}.elementor-3137 .elementor-element.elementor-element-9a281d7:not(.elementor-motion-effects-element-type-background), .elementor-3137 .elementor-element.elementor-element-9a281d7 > .elementor-motion-effects-container > .elementor-motion-effects-layer{background-color:#D28B9A;}.elementor-3137 .elementor-element.elementor-element-9a281d7{transition:background 0.3s, border 0.3s, border-radius 0.3s, box-shadow 0.3s;padding:70px 70px 70px 70px;}.elementor-3137 .elementor-element.elementor-element-9a281d7 > .elementor-background-overlay{transition:background 0.3s, border-radius 0.3s, opacity 0.3s;}.elementor-3137 .elementor-element.elementor-element-6f9b2f5 .section-title{font-size:45px;}.elementor-3137 .elementor-element.elementor-element-6f9b2f5 .sub-title{margin:10px 10px 10px 10px;}.elementor-3137 .elementor-element.elementor-element-6f9b2f5 .section-heading p{margin:100px 100px 100px 100px;padding:100px 100px 100px 100px;}.elementor-bc-flex-widget .elementor-3137 .elementor-element.elementor-element-207a742.elementor-column .elementor-widget-wrap{align-items:center;}.elementor-3137 .elementor-element.elementor-element-207a742.elementor-column.elementor-element[data-element_type=\"column\"] > .elementor-widget-wrap.elementor-element-populated{align-content:center;align-items:center;}.elementor-3137 .elementor-element.elementor-element-91ceb23 .elementor-button{background-color:var( --e-global-color-primary );border-radius:50px 50px 50px 50px;}@media(max-width:767px){.elementor-3137 .elementor-element.elementor-element-6f9b2f5 .section-title{font-size:30px;}}@media(min-width:768px){.elementor-3137 .elementor-element.elementor-element-5f3dae7{width:68%;}.elementor-3137 .elementor-element.elementor-element-207a742{width:31.282%;}}<\/style>\t\t<div data-elementor-type=\"wp-post\" data-elementor-id=\"3137\" class=\"elementor elementor-3137\">\n\t\t\t\t\t\t<section class=\"elementor-section elementor-top-section elementor-element elementor-element-b277234 elementor-section-boxed elementor-section-height-default elementor-section-height-default\" data-id=\"b277234\" data-element_type=\"section\">\n\t\t\t\t\t\t<div class=\"elementor-container elementor-column-gap-default\">\n\t\t\t\t\t<div class=\"elementor-column elementor-col-100 elementor-top-column elementor-element elementor-element-fb332db\" data-id=\"fb332db\" data-element_type=\"column\">\n\t\t\t<div class=\"elementor-widget-wrap elementor-element-populated\">\n\t\t\t\t\t\t<section class=\"elementor-section elementor-inner-section elementor-element elementor-element-9a281d7 elementor-section-full_width elementor-section-height-default elementor-section-height-default\" data-id=\"9a281d7\" data-element_type=\"section\" data-settings=\"{&quot;background_background&quot;:&quot;classic&quot;}\">\n\t\t\t\t\t\t<div class=\"elementor-container elementor-column-gap-default\">\n\t\t\t\t\t<div class=\"elementor-column elementor-col-66 elementor-inner-column elementor-element elementor-element-5f3dae7\" data-id=\"5f3dae7\" data-element_type=\"column\">\n\t\t\t<div class=\"elementor-widget-wrap elementor-element-populated\">\n\t\t\t\t\t\t<div class=\"elementor-element elementor-element-6f9b2f5 elementor-widget elementor-widget-bdevs-heading bdevselement bdevs-heading\" data-id=\"6f9b2f5\" data-element_type=\"widget\" data-settings=\"{&quot;design_style&quot;:&quot;style_3&quot;}\" data-widget_type=\"bdevs-heading.default\">\n\t\t\t\t<div class=\"elementor-widget-container\">\n\t\t\t\t\t\r\n          \r\n        <div class=\"section-heading\">\r\n                            <h4 class=\"sub-title\">\u00bfCu\u00e1ndo iniciamos? <\/h4>\r\n            \r\n            <h2 class=\"section-title d-block\">Agenda tu cita con <br>Dr. Yazmine Marimon<\/h2>\r\n            \r\n        <\/div>\r\n\r\n        \r\n        \t\t\t\t<\/div>\n\t\t\t\t<\/div>\n\t\t\t\t\t<\/div>\n\t\t<\/div>\n\t\t\t\t<div class=\"elementor-column elementor-col-33 elementor-inner-column elementor-element elementor-element-207a742\" data-id=\"207a742\" data-element_type=\"column\">\n\t\t\t<div class=\"elementor-widget-wrap elementor-element-populated\">\n\t\t\t\t\t\t<div class=\"elementor-element elementor-element-91ceb23 elementor-widget elementor-widget-button\" data-id=\"91ceb23\" data-element_type=\"widget\" data-widget_type=\"button.default\">\n\t\t\t\t<div class=\"elementor-widget-container\">\n\t\t\t\t\t\t\t\t\t<div class=\"elementor-button-wrapper\">\n\t\t\t\t\t<a class=\"elementor-button elementor-button-link elementor-size-md\" href=\"https:\/\/dr-yaz-marimon.clientsecure.me\" target=\"_blank\" data-spwidget-scope-id=\"f30157e8-4869-4502-bf81-473de58633a9\" data-spwidget-application-id=\"7c72cb9f9a9b913654bb89d6c7b4e71a77911b30192051da35384b4d0c6d505b\" data-spwidget-scope-global=\"\" data-spwidget-autobind=\"\">\n\t\t\t\t\t\t<span class=\"elementor-button-content-wrapper\">\n\t\t\t\t\t\t\t\t\t<span class=\"elementor-button-text\">SOLICITA TU CITA<\/span>\n\t\t\t\t\t<\/span>\n\t\t\t\t\t<\/a>\n\t\t\t\t<\/div>\n\t\t\t\t\t\t\t\t<\/div>\n\t\t\t\t<\/div>\n\t\t\t\t<div class=\"elementor-element elementor-element-6586405 elementor-widget elementor-widget-html\" data-id=\"6586405\" data-element_type=\"widget\" data-widget_type=\"html.default\">\n\t\t\t\t<div class=\"elementor-widget-container\">\n\t\t\t\t\t<script src=\"https:\/\/widget-cdn.simplepractice.com\/assets\/integration-1.0.js\"><\/script>\t\t\t\t<\/div>\n\t\t\t\t<\/div>\n\t\t\t\t\t<\/div>\n\t\t<\/div>\n\t\t\t\t\t<\/div>\n\t\t<\/section>\n\t\t\t\t\t<\/div>\n\t\t<\/div>\n\t\t\t\t\t<\/div>\n\t\t<\/section>\n\t\t\t\t<\/div>\n\t\t<\/div>\n\t\t\t\t\t\t<\/div>\n\t\t\t\t<\/div>\n\t\t\t\t\t<\/div>\n\t\t<\/div>\n\t\t\t\t\t<\/div>\n\t\t<\/section>\n\t\t\t\t<\/div>","protected":false},"excerpt":{"rendered":"<p>MOVIEBLOG new88app.sbs springogiventures.com ebb-debouchage-canalisation.com arrivenightlife.com sumiken123.com Services Lead your life with purpose and confidence Individual therapy and couples therapy. Enjoy the benefits of going to therapy and being accompanied by a professional. Therapeutic Approach My objective is to create a professional and empathic relationship with you and develop a personalized plan according to individual needs [&hellip;]<\/p>","protected":false},"author":1,"featured_media":0,"parent":362,"menu_order":0,"comment_status":"closed","ping_status":"closed","template":"elementor_header_footer","meta":{"_acf_changed":false,"_monsterinsights_skip_tracking":false,"_monsterinsights_sitenote_active":false,"_monsterinsights_sitenote_note":"","_monsterinsights_sitenote_category":0,"footnotes":""},"class_list":["post-1375","page","type-page","status-publish","hentry"],"acf":[],"aioseo_notices":[],"_links":{"self":[{"href":"https:\/\/dryazmarimon.com\/es\/wp-json\/wp\/v2\/pages\/1375","targetHints":{"allow":["GET"]}}],"collection":[{"href":"https:\/\/dryazmarimon.com\/es\/wp-json\/wp\/v2\/pages"}],"about":[{"href":"https:\/\/dryazmarimon.com\/es\/wp-json\/wp\/v2\/types\/page"}],"author":[{"embeddable":true,"href":"https:\/\/dryazmarimon.com\/es\/wp-json\/wp\/v2\/users\/1"}],"replies":[{"embeddable":true,"href":"https:\/\/dryazmarimon.com\/es\/wp-json\/wp\/v2\/comments?post=1375"}],"version-history":[{"count":75,"href":"https:\/\/dryazmarimon.com\/es\/wp-json\/wp\/v2\/pages\/1375\/revisions"}],"predecessor-version":[{"id":3148,"href":"https:\/\/dryazmarimon.com\/es\/wp-json\/wp\/v2\/pages\/1375\/revisions\/3148"}],"up":[{"embeddable":true,"href":"https:\/\/dryazmarimon.com\/es\/wp-json\/wp\/v2\/pages\/362"}],"wp:attachment":[{"href":"https:\/\/dryazmarimon.com\/es\/wp-json\/wp\/v2\/media?parent=1375"}],"curies":[{"name":"wp","href":"https:\/\/api.w.org\/{rel}","templated":true}]}}