{"id":1506,"date":"2022-02-17T23:45:19","date_gmt":"2022-02-17T23:45:19","guid":{"rendered":"http:\/\/292.f2f.myftpupload.com\/?page_id=1506"},"modified":"2025-03-06T12:47:12","modified_gmt":"2025-03-06T12:47:12","slug":"elite-vip-counseling","status":"publish","type":"page","link":"https:\/\/dryazmarimon.com\/es\/service\/elite-vip-counseling\/","title":{"rendered":"Consejer\u00eda \u00c9lite VIP"},"content":{"rendered":"<style>.elementor-1506 .elementor-element.elementor-element-8724b33{text-align:center;}.elementor-1506 .elementor-element.elementor-element-8724b33 .section-heading p{font-size:19px;}<\/style>\t\t<div data-elementor-type=\"wp-page\" data-elementor-id=\"1506\" class=\"elementor elementor-1506\">\n\t\t\t\t\t\t<section class=\"elementor-section elementor-top-section elementor-element elementor-element-8bfa279 elementor-section-boxed elementor-section-height-default elementor-section-height-default\" data-id=\"8bfa279\" data-element_type=\"section\">\n\t\t\t\t\t\t<div class=\"elementor-container elementor-column-gap-default\">\n\t\t\t\t\t<div class=\"elementor-column elementor-col-100 elementor-top-column elementor-element elementor-element-6dc1bb1\" data-id=\"6dc1bb1\" data-element_type=\"column\">\n\t\t\t<div class=\"elementor-widget-wrap elementor-element-populated\">\n\t\t\t\t\t\t<div class=\"elementor-element elementor-element-558505b elementor-widget elementor-widget-image\" data-id=\"558505b\" data-element_type=\"widget\" data-widget_type=\"image.default\">\n\t\t\t\t<div class=\"elementor-widget-container\">\n\t\t\t\t\t\t\t\t\t\t\t\t\t\t\t<img fetchpriority=\"high\" decoding=\"async\" width=\"1536\" height=\"1024\" src=\"https:\/\/dryazmarimon.com\/wp-content\/uploads\/2022\/02\/4.-Consejeria-VIP-1536x1024.jpg\" class=\"attachment-1536x1536 size-1536x1536 wp-image-1395\" alt=\"\" srcset=\"https:\/\/dryazmarimon.com\/wp-content\/uploads\/2022\/02\/4.-Consejeria-VIP-1536x1024.jpg 1536w, https:\/\/dryazmarimon.com\/wp-content\/uploads\/2022\/02\/4.-Consejeria-VIP-500x333.jpg 500w, https:\/\/dryazmarimon.com\/wp-content\/uploads\/2022\/02\/4.-Consejeria-VIP-300x200.jpg 300w, https:\/\/dryazmarimon.com\/wp-content\/uploads\/2022\/02\/4.-Consejeria-VIP-1024x683.jpg 1024w, https:\/\/dryazmarimon.com\/wp-content\/uploads\/2022\/02\/4.-Consejeria-VIP-768x512.jpg 768w, https:\/\/dryazmarimon.com\/wp-content\/uploads\/2022\/02\/4.-Consejeria-VIP.jpg 1920w\" sizes=\"(max-width: 1536px) 100vw, 1536px\" \/>\t\t\t\t\t\t\t\t\t\t\t\t\t\t\t<\/div>\n\t\t\t\t<\/div>\n\t\t\t\t\t<\/div>\n\t\t<\/div>\n\t\t\t\t\t<\/div>\n\t\t<\/section>\n\t\t\t\t<section class=\"elementor-section elementor-top-section elementor-element elementor-element-d0a2964 elementor-section-boxed elementor-section-height-default elementor-section-height-default\" data-id=\"d0a2964\" data-element_type=\"section\">\n\t\t\t\t\t\t<div class=\"elementor-container elementor-column-gap-default\">\n\t\t\t\t\t<div class=\"elementor-column elementor-col-100 elementor-top-column elementor-element elementor-element-be0f937\" data-id=\"be0f937\" data-element_type=\"column\">\n\t\t\t<div class=\"elementor-widget-wrap elementor-element-populated\">\n\t\t\t\t\t\t<div class=\"elementor-element elementor-element-8724b33 elementor-widget elementor-widget-bdevs-heading bdevselement bdevs-heading\" data-id=\"8724b33\" data-element_type=\"widget\" data-settings=\"{&quot;design_style&quot;:&quot;style_1&quot;}\" data-widget_type=\"bdevs-heading.default\">\n\t\t\t\t<div class=\"elementor-widget-container\">\n\t\t\t\t\t\r\n                <div class=\"section-heading\">\r\n                            <h4 class=\"sub-title\">Servicios<\/h4>\r\n                        \r\n\r\n            <h2 class=\"section-title shape\">Atenci\u00f3n desde la exclusividad<\/h2>            \r\n                            <p>Terapia para personas de alto perfil.\n\n<\/p>\r\n                    <\/div>\r\n        \r\n        \t\t\t\t<\/div>\n\t\t\t\t<\/div>\n\t\t\t\t\t<\/div>\n\t\t<\/div>\n\t\t\t\t\t<\/div>\n\t\t<\/section>\n\t\t\t\t<section class=\"elementor-section elementor-top-section elementor-element elementor-element-c46d3ba elementor-section-boxed elementor-section-height-default elementor-section-height-default\" data-id=\"c46d3ba\" data-element_type=\"section\">\n\t\t\t\t\t\t<div class=\"elementor-container elementor-column-gap-default\">\n\t\t\t\t\t<div class=\"elementor-column elementor-col-100 elementor-top-column elementor-element elementor-element-0687c7f\" data-id=\"0687c7f\" data-element_type=\"column\">\n\t\t\t<div class=\"elementor-widget-wrap elementor-element-populated\">\n\t\t\t\t\t\t<div class=\"elementor-element elementor-element-b548911 elementor-widget elementor-widget-text-editor\" data-id=\"b548911\" data-element_type=\"widget\" data-widget_type=\"text-editor.default\">\n\t\t\t\t<div class=\"elementor-widget-container\">\n\t\t\t\t\t\t\t\t\t<p class=\"p1\">He creado el programa de conserjer\u00eda VIP Elite para ofrecer servicios de psicoterapia, consejer\u00eda  y asesoramiento para los clientes m\u00e1s exigentes que valoran su tiempo y privacidad<\/p><p>\u00a0<\/p><p class=\"p1\">Este servicio est\u00e1 destinado a celebridades, figuras p\u00fablicas y ejecutivos de C-Level que necesitan m\u00e1s discreci\u00f3n sobre su vida personal y profesional.<\/p><p>\u00a0<\/p><p class=\"p1\">Los clientes que han estado en sesiones conmigo saben que su tratamiento ya incluye un nivel de atenci\u00f3n y cuidado VIP.<\/p><p>\u00a0<\/p><p class=\"p1\">El estr\u00e9s se acompa\u00f1a de ansiedad, perfeccionismo, bloqueos creativos, miedos y factores externos de presi\u00f3n que tienen un impacto negativo en la vida y la profesi\u00f3n de la persona.<\/p><p>\u00a0<\/p><p class=\"p1\">Por estas razones, ofrezco una modalidad \u00fanica de servicio de consejer\u00eda para aquellos clientes que necesitan discreci\u00f3n sobre su salud emocional y sexual.<\/p><p>\u00a0<\/p><p class=\"p1\">Proporciono un nivel de atenci\u00f3n m\u00e1s all\u00e1 de los l\u00edmites de la terapia tradicional, incluida la FLEXIBILIDAD en la programaci\u00f3n de citas, la DISPONIBILIDAD de mi tiempo y el f\u00e1cil acceso a los servicios de acuerdo con las necesidades del cliente.<\/p><p>\u00a0<\/p><p class=\"p1\">Soy consciente de la necesidad de confidencialidad y privacidad para los clientes que administran un alto perfil p\u00fablico, como celebridades, actores, atletas, l\u00edderes empresariales, pol\u00edticos y personalidades de los medios de comunicaci\u00f3n. Esta es una prioridad para ayudar a personas que tambi\u00e9n necesitan apoyo y ayuda terap\u00e9utica.<\/p>\t\t\t\t\t\t\t\t<\/div>\n\t\t\t\t<\/div>\n\t\t\t\t\t<\/div>\n\t\t<\/div>\n\t\t\t\t\t<\/div>\n\t\t<\/section>\n\t\t\t\t<section class=\"elementor-section elementor-top-section elementor-element elementor-element-d3c4996 elementor-section-boxed elementor-section-height-default elementor-section-height-default\" data-id=\"d3c4996\" data-element_type=\"section\">\n\t\t\t\t\t\t<div class=\"elementor-container elementor-column-gap-default\">\n\t\t\t\t\t<div class=\"elementor-column elementor-col-100 elementor-top-column elementor-element elementor-element-5ca149a\" data-id=\"5ca149a\" data-element_type=\"column\">\n\t\t\t<div class=\"elementor-widget-wrap elementor-element-populated\">\n\t\t\t\t\t\t<div class=\"elementor-element elementor-element-84afa81 elementor-widget elementor-widget-shortcode\" data-id=\"84afa81\" data-element_type=\"widget\" data-widget_type=\"shortcode.default\">\n\t\t\t\t<div class=\"elementor-widget-container\">\n\t\t\t\t\t\t\t<div class=\"elementor-shortcode\"><style>.elementor-3137 .elementor-element.elementor-element-b277234 > .elementor-container{max-width:1467px;}.elementor-3137 .elementor-element.elementor-element-b277234, .elementor-3137 .elementor-element.elementor-element-b277234 > .elementor-background-overlay{border-radius:100px 100px 100px 100px;}.elementor-3137 .elementor-element.elementor-element-b277234{margin-top:20px;margin-bottom:20px;}.elementor-3137 .elementor-element.elementor-element-9a281d7:not(.elementor-motion-effects-element-type-background), .elementor-3137 .elementor-element.elementor-element-9a281d7 > .elementor-motion-effects-container > .elementor-motion-effects-layer{background-color:#D28B9A;}.elementor-3137 .elementor-element.elementor-element-9a281d7{transition:background 0.3s, border 0.3s, border-radius 0.3s, box-shadow 0.3s;padding:70px 70px 70px 70px;}.elementor-3137 .elementor-element.elementor-element-9a281d7 > .elementor-background-overlay{transition:background 0.3s, border-radius 0.3s, opacity 0.3s;}.elementor-3137 .elementor-element.elementor-element-6f9b2f5 .section-title{font-size:45px;}.elementor-3137 .elementor-element.elementor-element-6f9b2f5 .sub-title{margin:10px 10px 10px 10px;}.elementor-3137 .elementor-element.elementor-element-6f9b2f5 .section-heading p{margin:100px 100px 100px 100px;padding:100px 100px 100px 100px;}.elementor-bc-flex-widget .elementor-3137 .elementor-element.elementor-element-207a742.elementor-column .elementor-widget-wrap{align-items:center;}.elementor-3137 .elementor-element.elementor-element-207a742.elementor-column.elementor-element[data-element_type=\"column\"] > .elementor-widget-wrap.elementor-element-populated{align-content:center;align-items:center;}.elementor-3137 .elementor-element.elementor-element-91ceb23 .elementor-button{background-color:var( --e-global-color-primary );border-radius:50px 50px 50px 50px;}@media(max-width:767px){.elementor-3137 .elementor-element.elementor-element-6f9b2f5 .section-title{font-size:30px;}}@media(min-width:768px){.elementor-3137 .elementor-element.elementor-element-5f3dae7{width:68%;}.elementor-3137 .elementor-element.elementor-element-207a742{width:31.282%;}}<\/style>\t\t<div data-elementor-type=\"wp-post\" data-elementor-id=\"3137\" class=\"elementor elementor-3137\">\n\t\t\t\t\t\t<section class=\"elementor-section elementor-top-section elementor-element elementor-element-b277234 elementor-section-boxed elementor-section-height-default elementor-section-height-default\" data-id=\"b277234\" data-element_type=\"section\">\n\t\t\t\t\t\t<div class=\"elementor-container elementor-column-gap-default\">\n\t\t\t\t\t<div class=\"elementor-column elementor-col-100 elementor-top-column elementor-element elementor-element-fb332db\" data-id=\"fb332db\" data-element_type=\"column\">\n\t\t\t<div class=\"elementor-widget-wrap elementor-element-populated\">\n\t\t\t\t\t\t<section class=\"elementor-section elementor-inner-section elementor-element elementor-element-9a281d7 elementor-section-full_width elementor-section-height-default elementor-section-height-default\" data-id=\"9a281d7\" data-element_type=\"section\" data-settings=\"{&quot;background_background&quot;:&quot;classic&quot;}\">\n\t\t\t\t\t\t<div class=\"elementor-container elementor-column-gap-default\">\n\t\t\t\t\t<div class=\"elementor-column elementor-col-66 elementor-inner-column elementor-element elementor-element-5f3dae7\" data-id=\"5f3dae7\" data-element_type=\"column\">\n\t\t\t<div class=\"elementor-widget-wrap elementor-element-populated\">\n\t\t\t\t\t\t<div class=\"elementor-element elementor-element-6f9b2f5 elementor-widget elementor-widget-bdevs-heading bdevselement bdevs-heading\" data-id=\"6f9b2f5\" data-element_type=\"widget\" data-settings=\"{&quot;design_style&quot;:&quot;style_3&quot;}\" data-widget_type=\"bdevs-heading.default\">\n\t\t\t\t<div class=\"elementor-widget-container\">\n\t\t\t\t\t\r\n          \r\n        <div class=\"section-heading\">\r\n                            <h4 class=\"sub-title\">\u00bfCu\u00e1ndo iniciamos? <\/h4>\r\n            \r\n            <h2 class=\"section-title d-block\">Agenda tu cita con <br>Dr. Yazmine Marimon<\/h2>\r\n            \r\n        <\/div>\r\n\r\n        \r\n        \t\t\t\t<\/div>\n\t\t\t\t<\/div>\n\t\t\t\t\t<\/div>\n\t\t<\/div>\n\t\t\t\t<div class=\"elementor-column elementor-col-33 elementor-inner-column elementor-element elementor-element-207a742\" data-id=\"207a742\" data-element_type=\"column\">\n\t\t\t<div class=\"elementor-widget-wrap elementor-element-populated\">\n\t\t\t\t\t\t<div class=\"elementor-element elementor-element-91ceb23 elementor-widget elementor-widget-button\" data-id=\"91ceb23\" data-element_type=\"widget\" data-widget_type=\"button.default\">\n\t\t\t\t<div class=\"elementor-widget-container\">\n\t\t\t\t\t\t\t\t\t<div class=\"elementor-button-wrapper\">\n\t\t\t\t\t<a class=\"elementor-button elementor-button-link elementor-size-md\" href=\"https:\/\/dr-yaz-marimon.clientsecure.me\" target=\"_blank\" data-spwidget-scope-id=\"f30157e8-4869-4502-bf81-473de58633a9\" data-spwidget-application-id=\"7c72cb9f9a9b913654bb89d6c7b4e71a77911b30192051da35384b4d0c6d505b\" data-spwidget-scope-global=\"\" data-spwidget-autobind=\"\">\n\t\t\t\t\t\t<span class=\"elementor-button-content-wrapper\">\n\t\t\t\t\t\t\t\t\t<span class=\"elementor-button-text\">SOLICITA TU CITA<\/span>\n\t\t\t\t\t<\/span>\n\t\t\t\t\t<\/a>\n\t\t\t\t<\/div>\n\t\t\t\t\t\t\t\t<\/div>\n\t\t\t\t<\/div>\n\t\t\t\t<div class=\"elementor-element elementor-element-6586405 elementor-widget elementor-widget-html\" data-id=\"6586405\" data-element_type=\"widget\" data-widget_type=\"html.default\">\n\t\t\t\t<div class=\"elementor-widget-container\">\n\t\t\t\t\t<script src=\"https:\/\/widget-cdn.simplepractice.com\/assets\/integration-1.0.js\"><\/script>\t\t\t\t<\/div>\n\t\t\t\t<\/div>\n\t\t\t\t\t<\/div>\n\t\t<\/div>\n\t\t\t\t\t<\/div>\n\t\t<\/section>\n\t\t\t\t\t<\/div>\n\t\t<\/div>\n\t\t\t\t\t<\/div>\n\t\t<\/section>\n\t\t\t\t<\/div>\n\t\t<\/div>\n\t\t\t\t\t\t<\/div>\n\t\t\t\t<\/div>\n\t\t\t\t\t<\/div>\n\t\t<\/div>\n\t\t\t\t\t<\/div>\n\t\t<\/section>\n\t\t\t\t<\/div>","protected":false},"excerpt":{"rendered":"<p>MOVIEBLOG bingobigtime.com laoding.site alimentacaoextraordinaria.com cardclaimsecure.com agilewealthacademy.com Services Attention and privacy Therapy for high-profile individuals. I have created the Elite VIP counseling program to offer the services of psychotherapy, counseling, and assessment to the most demanding clients that value their time and privacy. \u00a0 This service is for celebrities, public figures, and C-Level executives that need [&hellip;]<\/p>","protected":false},"author":1,"featured_media":0,"parent":362,"menu_order":0,"comment_status":"closed","ping_status":"closed","template":"elementor_header_footer","meta":{"_acf_changed":false,"_monsterinsights_skip_tracking":false,"_monsterinsights_sitenote_active":false,"_monsterinsights_sitenote_note":"","_monsterinsights_sitenote_category":0,"footnotes":""},"class_list":["post-1506","page","type-page","status-publish","hentry"],"acf":[],"aioseo_notices":[],"_links":{"self":[{"href":"https:\/\/dryazmarimon.com\/es\/wp-json\/wp\/v2\/pages\/1506","targetHints":{"allow":["GET"]}}],"collection":[{"href":"https:\/\/dryazmarimon.com\/es\/wp-json\/wp\/v2\/pages"}],"about":[{"href":"https:\/\/dryazmarimon.com\/es\/wp-json\/wp\/v2\/types\/page"}],"author":[{"embeddable":true,"href":"https:\/\/dryazmarimon.com\/es\/wp-json\/wp\/v2\/users\/1"}],"replies":[{"embeddable":true,"href":"https:\/\/dryazmarimon.com\/es\/wp-json\/wp\/v2\/comments?post=1506"}],"version-history":[{"count":30,"href":"https:\/\/dryazmarimon.com\/es\/wp-json\/wp\/v2\/pages\/1506\/revisions"}],"predecessor-version":[{"id":3142,"href":"https:\/\/dryazmarimon.com\/es\/wp-json\/wp\/v2\/pages\/1506\/revisions\/3142"}],"up":[{"embeddable":true,"href":"https:\/\/dryazmarimon.com\/es\/wp-json\/wp\/v2\/pages\/362"}],"wp:attachment":[{"href":"https:\/\/dryazmarimon.com\/es\/wp-json\/wp\/v2\/media?parent=1506"}],"curies":[{"name":"wp","href":"https:\/\/api.w.org\/{rel}","templated":true}]}}