{"id":1507,"date":"2022-02-17T23:47:20","date_gmt":"2022-02-17T23:47:20","guid":{"rendered":"http:\/\/292.f2f.myftpupload.com\/?page_id=1507"},"modified":"2025-03-06T12:47:05","modified_gmt":"2025-03-06T12:47:05","slug":"online-therapy","status":"publish","type":"page","link":"https:\/\/dryazmarimon.com\/es\/service\/online-therapy\/","title":{"rendered":"Terapia Online"},"content":{"rendered":"<style>.elementor-1507 .elementor-element.elementor-element-8724b33{text-align:center;}.elementor-1507 .elementor-element.elementor-element-8724b33 .section-heading p{line-height:1px;}.elementor-1507 .elementor-element.elementor-element-b548911{column-gap:0px;}.elementor-1507 .elementor-element.elementor-element-7af1108{--divider-border-style:solid;--divider-color:#906F6F;--divider-border-width:1px;}.elementor-1507 .elementor-element.elementor-element-7af1108 .elementor-divider-separator{width:100%;}.elementor-1507 .elementor-element.elementor-element-7af1108 .elementor-divider{padding-block-start:15px;padding-block-end:15px;}<\/style>\t\t<div data-elementor-type=\"wp-page\" data-elementor-id=\"1507\" class=\"elementor elementor-1507\">\n\t\t\t\t\t\t<section class=\"elementor-section elementor-top-section elementor-element elementor-element-8bfa279 elementor-section-boxed elementor-section-height-default elementor-section-height-default\" data-id=\"8bfa279\" data-element_type=\"section\">\n\t\t\t\t\t\t<div class=\"elementor-container elementor-column-gap-default\">\n\t\t\t\t\t<div class=\"elementor-column elementor-col-100 elementor-top-column elementor-element elementor-element-6dc1bb1\" data-id=\"6dc1bb1\" data-element_type=\"column\">\n\t\t\t<div class=\"elementor-widget-wrap elementor-element-populated\">\n\t\t\t\t\t\t<div class=\"elementor-element elementor-element-558505b elementor-widget elementor-widget-image\" data-id=\"558505b\" data-element_type=\"widget\" data-widget_type=\"image.default\">\n\t\t\t\t<div class=\"elementor-widget-container\">\n\t\t\t\t\t\t\t\t\t\t\t\t\t\t\t<img fetchpriority=\"high\" decoding=\"async\" width=\"1536\" height=\"1024\" src=\"https:\/\/dryazmarimon.com\/wp-content\/uploads\/2022\/02\/5.-Terapia-Online-1536x1024.jpg\" class=\"attachment-1536x1536 size-1536x1536 wp-image-1396\" alt=\"\" srcset=\"https:\/\/dryazmarimon.com\/wp-content\/uploads\/2022\/02\/5.-Terapia-Online-1536x1024.jpg 1536w, https:\/\/dryazmarimon.com\/wp-content\/uploads\/2022\/02\/5.-Terapia-Online-scaled-500x333.jpg 500w, https:\/\/dryazmarimon.com\/wp-content\/uploads\/2022\/02\/5.-Terapia-Online-300x200.jpg 300w, https:\/\/dryazmarimon.com\/wp-content\/uploads\/2022\/02\/5.-Terapia-Online-1024x683.jpg 1024w, https:\/\/dryazmarimon.com\/wp-content\/uploads\/2022\/02\/5.-Terapia-Online-768x512.jpg 768w, https:\/\/dryazmarimon.com\/wp-content\/uploads\/2022\/02\/5.-Terapia-Online-2048x1365.jpg 2048w\" sizes=\"(max-width: 1536px) 100vw, 1536px\" \/>\t\t\t\t\t\t\t\t\t\t\t\t\t\t\t<\/div>\n\t\t\t\t<\/div>\n\t\t\t\t\t<\/div>\n\t\t<\/div>\n\t\t\t\t\t<\/div>\n\t\t<\/section>\n\t\t\t\t<section class=\"elementor-section elementor-top-section elementor-element elementor-element-d0a2964 elementor-section-boxed elementor-section-height-default elementor-section-height-default\" data-id=\"d0a2964\" data-element_type=\"section\">\n\t\t\t\t\t\t<div class=\"elementor-container elementor-column-gap-default\">\n\t\t\t\t\t<div class=\"elementor-column elementor-col-100 elementor-top-column elementor-element elementor-element-be0f937\" data-id=\"be0f937\" data-element_type=\"column\">\n\t\t\t<div class=\"elementor-widget-wrap elementor-element-populated\">\n\t\t\t\t\t\t<div class=\"elementor-element elementor-element-8724b33 elementor-widget elementor-widget-bdevs-heading bdevselement bdevs-heading\" data-id=\"8724b33\" data-element_type=\"widget\" data-settings=\"{&quot;design_style&quot;:&quot;style_1&quot;}\" data-widget_type=\"bdevs-heading.default\">\n\t\t\t\t<div class=\"elementor-widget-container\">\n\t\t\t\t\t\r\n                <div class=\"section-heading\">\r\n                            <h4 class=\"sub-title\">Servicios<\/h4>\r\n                        \r\n\r\n            <h2 class=\"section-title shape\">Sin importar d\u00f3nde est\u00e9s<\/h2>            \r\n                    <\/div>\r\n        \r\n        \t\t\t\t<\/div>\n\t\t\t\t<\/div>\n\t\t\t\t\t<\/div>\n\t\t<\/div>\n\t\t\t\t\t<\/div>\n\t\t<\/section>\n\t\t\t\t<section class=\"elementor-section elementor-top-section elementor-element elementor-element-c46d3ba elementor-section-stretched elementor-section-boxed elementor-section-height-default elementor-section-height-default\" data-id=\"c46d3ba\" data-element_type=\"section\" data-settings=\"{&quot;stretch_section&quot;:&quot;section-stretched&quot;}\">\n\t\t\t\t\t\t<div class=\"elementor-container elementor-column-gap-default\">\n\t\t\t\t\t<div class=\"elementor-column elementor-col-100 elementor-top-column elementor-element elementor-element-0687c7f\" data-id=\"0687c7f\" data-element_type=\"column\">\n\t\t\t<div class=\"elementor-widget-wrap elementor-element-populated\">\n\t\t\t\t\t\t<div class=\"elementor-element elementor-element-b548911 elementor-widget elementor-widget-text-editor\" data-id=\"b548911\" data-element_type=\"widget\" data-widget_type=\"text-editor.default\">\n\t\t\t\t<div class=\"elementor-widget-container\">\n\t\t\t\t\t\t\t\t\t<p class=\"p1\">Los tiempos cambian y la asesor\u00eda, coaching y\/o  terapia online siguen en auge. La pandemia nos ha permitido flexibilizar las v\u00edas de obtenci\u00f3n de servicios terap\u00e9uticos para llegar a m\u00e1s lugares. Con el uso de una modalidad segura electr\u00f3nica elaborada para los proveedores de atenci\u00f3n m\u00e9dica y la salud mental, se organizan y desarrollan las sesiones, manteniendo el mismo nivel de privacidad y confidencialidad que en la oficina, de forma presencial.<\/p>\n\n<div class=\"marFront\">\n<p class=\"p1\"><b class=\"customText checkMark marBack\" style=\"font-size: 20px; color: #875762;\">Conveniencia:<\/b>\nEl servicio de terapia en l\u00ednea permite recibir asesoramiento profesional desde la comodidad de su casa u oficina o durante un viaje de negocios o placer. Si vives en la ciudad, evitas el tr\u00e1fico. Si no puedes salir de casa u oficina debido a una condici\u00f3n o situaci\u00f3n particular, entonces esta tambi\u00e9n puede ser una opci\u00f3n para usted.<\/p>\n<p class=\"p1\"><b class=\"customText checkMark marBack\" style=\"font-size: 20px; color: #875762;\">Eficaz:<\/b>\nSeg\u00fan el Journal of Affective Disorders and Cyberpsychology la telesalud mental es equivalente a la atenci\u00f3n presencial en diversos entornos y una alternativa aceptable (con algunas excepciones que podr\u00edan ser determinadas luego de la primera sesi\u00f3n)..<\/p>\n&nbsp;\n<p class=\"p1\">He proporcionado terapia en l\u00ednea a clientes que no pueden asistir a sesiones en persona debido a la distancia f\u00edsica, discapacidad y\/o enfermedad, horarios de trabajo complicados. Tambi\u00e9n, hago seguimiento de asesoramiento y coaching  a clientes que han recibido servicios en persona pero que viven en otros pa\u00edses. Los servicios de terapia individual y de pareja solamente se ofrecen a residentes de la Florida. Si necesita estos servicios y reside fuera del Estado, le proveo con referidos de terapeutas que sean licenciados en dichas regiones.<\/p>\n\n<\/div>\t\t\t\t\t\t\t\t<\/div>\n\t\t\t\t<\/div>\n\t\t\t\t\t<\/div>\n\t\t<\/div>\n\t\t\t\t\t<\/div>\n\t\t<\/section>\n\t\t\t\t<section class=\"elementor-section elementor-top-section elementor-element elementor-element-167ee6a elementor-section-stretched elementor-section-boxed elementor-section-height-default elementor-section-height-default\" data-id=\"167ee6a\" data-element_type=\"section\" data-settings=\"{&quot;stretch_section&quot;:&quot;section-stretched&quot;}\">\n\t\t\t\t\t\t<div class=\"elementor-container elementor-column-gap-default\">\n\t\t\t\t\t<div class=\"elementor-column elementor-col-100 elementor-top-column elementor-element elementor-element-ee1cfa5\" data-id=\"ee1cfa5\" data-element_type=\"column\">\n\t\t\t<div class=\"elementor-widget-wrap elementor-element-populated\">\n\t\t\t\t\t\t<div class=\"elementor-element elementor-element-7af1108 elementor-widget-divider--view-line elementor-widget elementor-widget-divider\" data-id=\"7af1108\" data-element_type=\"widget\" data-widget_type=\"divider.default\">\n\t\t\t\t<div class=\"elementor-widget-container\">\n\t\t\t\t\t\t\t<div class=\"elementor-divider\">\n\t\t\t<span class=\"elementor-divider-separator\">\n\t\t\t\t\t\t<\/span>\n\t\t<\/div>\n\t\t\t\t\t\t<\/div>\n\t\t\t\t<\/div>\n\t\t\t\t\t<\/div>\n\t\t<\/div>\n\t\t\t\t\t<\/div>\n\t\t<\/section>\n\t\t\t\t<section class=\"elementor-section elementor-top-section elementor-element elementor-element-9584f6b elementor-section-stretched elementor-section-boxed elementor-section-height-default elementor-section-height-default\" data-id=\"9584f6b\" data-element_type=\"section\" data-settings=\"{&quot;stretch_section&quot;:&quot;section-stretched&quot;}\">\n\t\t\t\t\t\t<div class=\"elementor-container elementor-column-gap-default\">\n\t\t\t\t\t<div class=\"elementor-column elementor-col-100 elementor-top-column elementor-element elementor-element-ac5e21d\" data-id=\"ac5e21d\" data-element_type=\"column\">\n\t\t\t<div class=\"elementor-widget-wrap elementor-element-populated\">\n\t\t\t\t\t\t<div class=\"elementor-element elementor-element-02ca927 elementor-widget elementor-widget-text-editor\" data-id=\"02ca927\" data-element_type=\"widget\" data-widget_type=\"text-editor.default\">\n\t\t\t\t<div class=\"elementor-widget-container\">\n\t\t\t\t\t\t\t\t\t<h3 class=\"p3\"><b class=\"customText\">Excepciones a la terapia en l\u00ednea\u00a0<\/b><\/h3><p class=\"p1\">No recomiendo la terapia en l\u00ednea a personas que presenten  pensamientos de autolesi\u00f3n, o  pensamientos violentos homicidas, o de depresi\u00f3n severa.<\/p><p class=\"p1\">Si tiene pensamientos de autolesi\u00f3n, llame a la l\u00ednea de emergencia 911 o vaya a su sala de emergencias m\u00e1s cercana. Tambi\u00e9n puede comunicarse con la l\u00ednea de vida de prevenci\u00f3n del suicidio <a href=\"tel:+1%20(800)%20273-8255\">1-800-273-8255<\/a> (l\u00ednea directa 24\/7 para llamadas en los EE. UU.)<\/p>\t\t\t\t\t\t\t\t<\/div>\n\t\t\t\t<\/div>\n\t\t\t\t\t<\/div>\n\t\t<\/div>\n\t\t\t\t\t<\/div>\n\t\t<\/section>\n\t\t\t\t<section class=\"elementor-section elementor-top-section elementor-element elementor-element-00be1c9 elementor-section-boxed elementor-section-height-default elementor-section-height-default\" data-id=\"00be1c9\" data-element_type=\"section\">\n\t\t\t\t\t\t<div class=\"elementor-container elementor-column-gap-default\">\n\t\t\t\t\t<div class=\"elementor-column elementor-col-100 elementor-top-column elementor-element elementor-element-4a6110e\" data-id=\"4a6110e\" data-element_type=\"column\">\n\t\t\t<div class=\"elementor-widget-wrap elementor-element-populated\">\n\t\t\t\t\t\t<div class=\"elementor-element elementor-element-91e9c7b elementor-widget elementor-widget-shortcode\" data-id=\"91e9c7b\" data-element_type=\"widget\" data-widget_type=\"shortcode.default\">\n\t\t\t\t<div class=\"elementor-widget-container\">\n\t\t\t\t\t\t\t<div class=\"elementor-shortcode\"><style>.elementor-3137 .elementor-element.elementor-element-b277234 > .elementor-container{max-width:1467px;}.elementor-3137 .elementor-element.elementor-element-b277234, .elementor-3137 .elementor-element.elementor-element-b277234 > .elementor-background-overlay{border-radius:100px 100px 100px 100px;}.elementor-3137 .elementor-element.elementor-element-b277234{margin-top:20px;margin-bottom:20px;}.elementor-3137 .elementor-element.elementor-element-9a281d7:not(.elementor-motion-effects-element-type-background), .elementor-3137 .elementor-element.elementor-element-9a281d7 > .elementor-motion-effects-container > .elementor-motion-effects-layer{background-color:#D28B9A;}.elementor-3137 .elementor-element.elementor-element-9a281d7{transition:background 0.3s, border 0.3s, border-radius 0.3s, box-shadow 0.3s;padding:70px 70px 70px 70px;}.elementor-3137 .elementor-element.elementor-element-9a281d7 > .elementor-background-overlay{transition:background 0.3s, border-radius 0.3s, opacity 0.3s;}.elementor-3137 .elementor-element.elementor-element-6f9b2f5 .section-title{font-size:45px;}.elementor-3137 .elementor-element.elementor-element-6f9b2f5 .sub-title{margin:10px 10px 10px 10px;}.elementor-3137 .elementor-element.elementor-element-6f9b2f5 .section-heading p{margin:100px 100px 100px 100px;padding:100px 100px 100px 100px;}.elementor-bc-flex-widget .elementor-3137 .elementor-element.elementor-element-207a742.elementor-column .elementor-widget-wrap{align-items:center;}.elementor-3137 .elementor-element.elementor-element-207a742.elementor-column.elementor-element[data-element_type=\"column\"] > .elementor-widget-wrap.elementor-element-populated{align-content:center;align-items:center;}.elementor-3137 .elementor-element.elementor-element-91ceb23 .elementor-button{background-color:var( --e-global-color-primary );border-radius:50px 50px 50px 50px;}@media(max-width:767px){.elementor-3137 .elementor-element.elementor-element-6f9b2f5 .section-title{font-size:30px;}}@media(min-width:768px){.elementor-3137 .elementor-element.elementor-element-5f3dae7{width:68%;}.elementor-3137 .elementor-element.elementor-element-207a742{width:31.282%;}}<\/style>\t\t<div data-elementor-type=\"wp-post\" data-elementor-id=\"3137\" class=\"elementor elementor-3137\">\n\t\t\t\t\t\t<section class=\"elementor-section elementor-top-section elementor-element elementor-element-b277234 elementor-section-boxed elementor-section-height-default elementor-section-height-default\" data-id=\"b277234\" data-element_type=\"section\">\n\t\t\t\t\t\t<div class=\"elementor-container elementor-column-gap-default\">\n\t\t\t\t\t<div class=\"elementor-column elementor-col-100 elementor-top-column elementor-element elementor-element-fb332db\" data-id=\"fb332db\" data-element_type=\"column\">\n\t\t\t<div class=\"elementor-widget-wrap elementor-element-populated\">\n\t\t\t\t\t\t<section class=\"elementor-section elementor-inner-section elementor-element elementor-element-9a281d7 elementor-section-full_width elementor-section-height-default elementor-section-height-default\" data-id=\"9a281d7\" data-element_type=\"section\" data-settings=\"{&quot;background_background&quot;:&quot;classic&quot;}\">\n\t\t\t\t\t\t<div class=\"elementor-container elementor-column-gap-default\">\n\t\t\t\t\t<div class=\"elementor-column elementor-col-66 elementor-inner-column elementor-element elementor-element-5f3dae7\" data-id=\"5f3dae7\" data-element_type=\"column\">\n\t\t\t<div class=\"elementor-widget-wrap elementor-element-populated\">\n\t\t\t\t\t\t<div class=\"elementor-element elementor-element-6f9b2f5 elementor-widget elementor-widget-bdevs-heading bdevselement bdevs-heading\" data-id=\"6f9b2f5\" data-element_type=\"widget\" data-settings=\"{&quot;design_style&quot;:&quot;style_3&quot;}\" data-widget_type=\"bdevs-heading.default\">\n\t\t\t\t<div class=\"elementor-widget-container\">\n\t\t\t\t\t\r\n          \r\n        <div class=\"section-heading\">\r\n                            <h4 class=\"sub-title\">\u00bfCu\u00e1ndo iniciamos? <\/h4>\r\n            \r\n            <h2 class=\"section-title d-block\">Agenda tu cita con <br>Dr. Yazmine Marimon<\/h2>\r\n            \r\n        <\/div>\r\n\r\n        \r\n        \t\t\t\t<\/div>\n\t\t\t\t<\/div>\n\t\t\t\t\t<\/div>\n\t\t<\/div>\n\t\t\t\t<div class=\"elementor-column elementor-col-33 elementor-inner-column elementor-element elementor-element-207a742\" data-id=\"207a742\" data-element_type=\"column\">\n\t\t\t<div class=\"elementor-widget-wrap elementor-element-populated\">\n\t\t\t\t\t\t<div class=\"elementor-element elementor-element-91ceb23 elementor-widget elementor-widget-button\" data-id=\"91ceb23\" data-element_type=\"widget\" data-widget_type=\"button.default\">\n\t\t\t\t<div class=\"elementor-widget-container\">\n\t\t\t\t\t\t\t\t\t<div class=\"elementor-button-wrapper\">\n\t\t\t\t\t<a class=\"elementor-button elementor-button-link elementor-size-md\" href=\"https:\/\/dr-yaz-marimon.clientsecure.me\" target=\"_blank\" data-spwidget-scope-id=\"f30157e8-4869-4502-bf81-473de58633a9\" data-spwidget-application-id=\"7c72cb9f9a9b913654bb89d6c7b4e71a77911b30192051da35384b4d0c6d505b\" data-spwidget-scope-global=\"\" data-spwidget-autobind=\"\">\n\t\t\t\t\t\t<span class=\"elementor-button-content-wrapper\">\n\t\t\t\t\t\t\t\t\t<span class=\"elementor-button-text\">SOLICITA TU CITA<\/span>\n\t\t\t\t\t<\/span>\n\t\t\t\t\t<\/a>\n\t\t\t\t<\/div>\n\t\t\t\t\t\t\t\t<\/div>\n\t\t\t\t<\/div>\n\t\t\t\t<div class=\"elementor-element elementor-element-6586405 elementor-widget elementor-widget-html\" data-id=\"6586405\" data-element_type=\"widget\" data-widget_type=\"html.default\">\n\t\t\t\t<div class=\"elementor-widget-container\">\n\t\t\t\t\t<script src=\"https:\/\/widget-cdn.simplepractice.com\/assets\/integration-1.0.js\"><\/script>\t\t\t\t<\/div>\n\t\t\t\t<\/div>\n\t\t\t\t\t<\/div>\n\t\t<\/div>\n\t\t\t\t\t<\/div>\n\t\t<\/section>\n\t\t\t\t\t<\/div>\n\t\t<\/div>\n\t\t\t\t\t<\/div>\n\t\t<\/section>\n\t\t\t\t<\/div>\n\t\t<\/div>\n\t\t\t\t\t\t<\/div>\n\t\t\t\t<\/div>\n\t\t\t\t\t<\/div>\n\t\t<\/div>\n\t\t\t\t\t<\/div>\n\t\t<\/section>\n\t\t\t\t<\/div>","protected":false},"excerpt":{"rendered":"<p>MOVIEBLOG dr-nahidkarami.com learnwithnkm.com stream-qash.com atomybd.com psicologataniacamargo.com Services No matter where you are Times change and counseling, coaching, and online therapy are still on the rise. The pandemic has allowed us to have more flexible ways to receive therapeutic services and reach more places. We develop our sessions using a safe electronic modality created for medical [&hellip;]<\/p>","protected":false},"author":1,"featured_media":0,"parent":362,"menu_order":0,"comment_status":"closed","ping_status":"closed","template":"elementor_header_footer","meta":{"_acf_changed":false,"_monsterinsights_skip_tracking":false,"_monsterinsights_sitenote_active":false,"_monsterinsights_sitenote_note":"","_monsterinsights_sitenote_category":0,"footnotes":""},"class_list":["post-1507","page","type-page","status-publish","hentry"],"acf":[],"aioseo_notices":[],"_links":{"self":[{"href":"https:\/\/dryazmarimon.com\/es\/wp-json\/wp\/v2\/pages\/1507","targetHints":{"allow":["GET"]}}],"collection":[{"href":"https:\/\/dryazmarimon.com\/es\/wp-json\/wp\/v2\/pages"}],"about":[{"href":"https:\/\/dryazmarimon.com\/es\/wp-json\/wp\/v2\/types\/page"}],"author":[{"embeddable":true,"href":"https:\/\/dryazmarimon.com\/es\/wp-json\/wp\/v2\/users\/1"}],"replies":[{"embeddable":true,"href":"https:\/\/dryazmarimon.com\/es\/wp-json\/wp\/v2\/comments?post=1507"}],"version-history":[{"count":68,"href":"https:\/\/dryazmarimon.com\/es\/wp-json\/wp\/v2\/pages\/1507\/revisions"}],"predecessor-version":[{"id":3486,"href":"https:\/\/dryazmarimon.com\/es\/wp-json\/wp\/v2\/pages\/1507\/revisions\/3486"}],"up":[{"embeddable":true,"href":"https:\/\/dryazmarimon.com\/es\/wp-json\/wp\/v2\/pages\/362"}],"wp:attachment":[{"href":"https:\/\/dryazmarimon.com\/es\/wp-json\/wp\/v2\/media?parent=1507"}],"curies":[{"name":"wp","href":"https:\/\/api.w.org\/{rel}","templated":true}]}}