{"id":1508,"date":"2022-02-17T23:54:54","date_gmt":"2022-02-17T23:54:54","guid":{"rendered":"http:\/\/292.f2f.myftpupload.com\/?page_id=1508"},"modified":"2025-03-06T12:46:58","modified_gmt":"2025-03-06T12:46:58","slug":"workshops","status":"publish","type":"page","link":"https:\/\/dryazmarimon.com\/es\/service\/workshops\/","title":{"rendered":"Talleres"},"content":{"rendered":"<style>.elementor-1508 .elementor-element.elementor-element-8724b33{text-align:center;}<\/style>\t\t<div data-elementor-type=\"wp-page\" data-elementor-id=\"1508\" class=\"elementor elementor-1508\">\n\t\t\t\t\t\t<section class=\"elementor-section elementor-top-section elementor-element elementor-element-8bfa279 elementor-section-boxed elementor-section-height-default elementor-section-height-default\" data-id=\"8bfa279\" data-element_type=\"section\">\n\t\t\t\t\t\t<div class=\"elementor-container elementor-column-gap-default\">\n\t\t\t\t\t<div class=\"elementor-column elementor-col-100 elementor-top-column elementor-element elementor-element-6dc1bb1\" data-id=\"6dc1bb1\" data-element_type=\"column\">\n\t\t\t<div class=\"elementor-widget-wrap elementor-element-populated\">\n\t\t\t\t\t\t<div class=\"elementor-element elementor-element-558505b elementor-widget elementor-widget-image\" data-id=\"558505b\" data-element_type=\"widget\" data-widget_type=\"image.default\">\n\t\t\t\t<div class=\"elementor-widget-container\">\n\t\t\t\t\t\t\t\t\t\t\t\t\t\t\t<img fetchpriority=\"high\" decoding=\"async\" width=\"1536\" height=\"1025\" src=\"https:\/\/dryazmarimon.com\/wp-content\/uploads\/2022\/02\/6.-Talleres-1536x1025.jpg\" class=\"attachment-1536x1536 size-1536x1536 wp-image-1397\" alt=\"\" srcset=\"https:\/\/dryazmarimon.com\/wp-content\/uploads\/2022\/02\/6.-Talleres-1536x1025.jpg 1536w, https:\/\/dryazmarimon.com\/wp-content\/uploads\/2022\/02\/6.-Talleres-500x334.jpg 500w, https:\/\/dryazmarimon.com\/wp-content\/uploads\/2022\/02\/6.-Talleres-300x200.jpg 300w, https:\/\/dryazmarimon.com\/wp-content\/uploads\/2022\/02\/6.-Talleres-1024x683.jpg 1024w, https:\/\/dryazmarimon.com\/wp-content\/uploads\/2022\/02\/6.-Talleres-768x512.jpg 768w, https:\/\/dryazmarimon.com\/wp-content\/uploads\/2022\/02\/6.-Talleres.jpg 1920w\" sizes=\"(max-width: 1536px) 100vw, 1536px\" \/>\t\t\t\t\t\t\t\t\t\t\t\t\t\t\t<\/div>\n\t\t\t\t<\/div>\n\t\t\t\t\t<\/div>\n\t\t<\/div>\n\t\t\t\t\t<\/div>\n\t\t<\/section>\n\t\t\t\t<section class=\"elementor-section elementor-top-section elementor-element elementor-element-d0a2964 elementor-section-boxed elementor-section-height-default elementor-section-height-default\" data-id=\"d0a2964\" data-element_type=\"section\">\n\t\t\t\t\t\t<div class=\"elementor-container elementor-column-gap-default\">\n\t\t\t\t\t<div class=\"elementor-column elementor-col-100 elementor-top-column elementor-element elementor-element-be0f937\" data-id=\"be0f937\" data-element_type=\"column\">\n\t\t\t<div class=\"elementor-widget-wrap elementor-element-populated\">\n\t\t\t\t\t\t<div class=\"elementor-element elementor-element-8724b33 elementor-widget elementor-widget-bdevs-heading bdevselement bdevs-heading\" data-id=\"8724b33\" data-element_type=\"widget\" data-settings=\"{&quot;design_style&quot;:&quot;style_1&quot;}\" data-widget_type=\"bdevs-heading.default\">\n\t\t\t\t<div class=\"elementor-widget-container\">\n\t\t\t\t\t\r\n                <div class=\"section-heading\">\r\n                            <h4 class=\"sub-title\">Servicios<\/h4>\r\n                        \r\n\r\n            <h2 class=\"section-title shape\">\u00bfTe gustar\u00eda saber m\u00e1s sobre tu sexualidad?<\/h2>            \r\n                    <\/div>\r\n        \r\n        \t\t\t\t<\/div>\n\t\t\t\t<\/div>\n\t\t\t\t\t<\/div>\n\t\t<\/div>\n\t\t\t\t\t<\/div>\n\t\t<\/section>\n\t\t\t\t<section class=\"elementor-section elementor-top-section elementor-element elementor-element-c46d3ba elementor-section-boxed elementor-section-height-default elementor-section-height-default\" data-id=\"c46d3ba\" data-element_type=\"section\">\n\t\t\t\t\t\t<div class=\"elementor-container elementor-column-gap-default\">\n\t\t\t\t\t<div class=\"elementor-column elementor-col-100 elementor-top-column elementor-element elementor-element-0687c7f\" data-id=\"0687c7f\" data-element_type=\"column\">\n\t\t\t<div class=\"elementor-widget-wrap elementor-element-populated\">\n\t\t\t\t\t\t<div class=\"elementor-element elementor-element-b548911 elementor-widget elementor-widget-text-editor\" data-id=\"b548911\" data-element_type=\"widget\" data-widget_type=\"text-editor.default\">\n\t\t\t\t<div class=\"elementor-widget-container\">\n\t\t\t\t\t\t\t\t\t<p class=\"p1\">He creado talleres individuales y grupales para aprender sobre sexo, sexualidad humana e intimidad sexual.<\/p><div class=\"marFront\"><h4 class=\"customText marBack checkMark\">Estos son algunos de los temas que abordamos en los talleres:<\/h4><ul class=\"ulMar\"><li class=\"li1\">El arte del amor: autoestimulaci\u00f3n, sexo oral, t\u00e9cnicas er\u00f3ticas.<\/li><li class=\"li1\">Sexualidad en las mujeres.<\/li><li class=\"li1\">Deseo, excitaci\u00f3n, placer y tipos de orgasmo en las mujeres.<\/li><li class=\"li1\">Desarrolla la sexualidad que te gustar\u00eda tener.<\/li><li class=\"li1\">Erotismo.<\/li><li class=\"li1\">Fantas\u00edas.<\/li><li class=\"li1\">Deseo sexual.<\/li><li class=\"li1\">Intimidad sexual.<\/li><\/ul><h3 class=\"customText marBack\"><b>Talleres para parejas<\/b><\/h3><h4 class=\"customText checkMark marBack\">Comunicaci\u00f3n e Intimidad<\/h4><p class=\"p1\">Si eres una pareja que desea sacar el m\u00e1ximo potencial a tu vida sexual y mantener la pasi\u00f3n y la emoci\u00f3n en toda tu relaci\u00f3n o te gustar\u00eda explorar un mejor nivel de satisfacci\u00f3n, este taller es para ti.<\/p><h4>\u00a0<\/h4><h4 class=\"customText\">Las parejas aprenden a:<\/h4><ul class=\"ulMar\"><li class=\"li1\">Ser creativos.<\/li><li class=\"li1\">Mantener vivo el deseo sexual.<\/li><li class=\"li1\">Crecer sexualmente juntos.<\/li><\/ul><p class=\"p1\">Este taller es un regalo ideal para tu boda, aniversarios u ocasiones especiales.<\/p><\/div><h3>\u00a0<\/h3><h3 class=\"customText\"><b>Talleres para adolescentes, adultos j\u00f3venes y adultos\u00a0<\/b><\/h3><p class=\"p1\">Dise\u00f1o talleres basados en la necesidad de muchas personas que desean aprender sobre diferentes temas relacionados con la sexualidad y las relaciones sexuales.<\/p><ul class=\"ulMar\"><li class=\"li1\">\u00bfQu\u00e9 es la intimidad sexual?<\/li><li class=\"li1\">Cambios f\u00edsicos y emocionales durante las diferentes etapas de la vida.<\/li><li class=\"li1\">Conductas sexuales de alto riesgo.<\/li><li class=\"li1\">Orientaci\u00f3n sexual. Discriminaci\u00f3n.<\/li><li class=\"li1\">Enfoque sexual y emocional.<\/li><li class=\"li1\">Comunicaci\u00f3n sexual.<\/li><li class=\"li1\">Fantas\u00edas.<\/li><li class=\"li1\">Erotismo y placer.<\/li><li class=\"li1\">Mitos en el sexo.<\/li><li class=\"li1\">Sexualidad y drogas.<\/li><li class=\"li1\">Sexualidad y el uso de la pronografia.<\/li><\/ul><p class=\"p1\">Desarrollamos talleres y conferencias para institutos, organizaciones escolares y otros centros que puedan beneficiarse de ello.<\/p><p class=\"p1\">Si deseas obtener m\u00e1s informaci\u00f3n, comun\u00edcate por correo electr\u00f3nico <a href=\"mailto:ympsychotherapy@gmail.com\">ympsychotherapy@gmail.com<\/a> o llamar a <a href=\"\/es\/+1%20(786)%202296947\/\">+1 786-229 6947.<\/a><\/p>\t\t\t\t\t\t\t\t<\/div>\n\t\t\t\t<\/div>\n\t\t\t\t\t<\/div>\n\t\t<\/div>\n\t\t\t\t\t<\/div>\n\t\t<\/section>\n\t\t\t\t<section class=\"elementor-section elementor-top-section elementor-element elementor-element-c6d5dec elementor-section-boxed elementor-section-height-default elementor-section-height-default\" data-id=\"c6d5dec\" data-element_type=\"section\">\n\t\t\t\t\t\t<div class=\"elementor-container elementor-column-gap-default\">\n\t\t\t\t\t<div class=\"elementor-column elementor-col-100 elementor-top-column elementor-element elementor-element-dc98a35\" data-id=\"dc98a35\" data-element_type=\"column\">\n\t\t\t<div class=\"elementor-widget-wrap elementor-element-populated\">\n\t\t\t\t\t\t<div class=\"elementor-element elementor-element-dd00e64 elementor-widget elementor-widget-shortcode\" data-id=\"dd00e64\" data-element_type=\"widget\" data-widget_type=\"shortcode.default\">\n\t\t\t\t<div class=\"elementor-widget-container\">\n\t\t\t\t\t\t\t<div class=\"elementor-shortcode\"><style>.elementor-3137 .elementor-element.elementor-element-b277234 > .elementor-container{max-width:1467px;}.elementor-3137 .elementor-element.elementor-element-b277234, .elementor-3137 .elementor-element.elementor-element-b277234 > .elementor-background-overlay{border-radius:100px 100px 100px 100px;}.elementor-3137 .elementor-element.elementor-element-b277234{margin-top:20px;margin-bottom:20px;}.elementor-3137 .elementor-element.elementor-element-9a281d7:not(.elementor-motion-effects-element-type-background), .elementor-3137 .elementor-element.elementor-element-9a281d7 > .elementor-motion-effects-container > .elementor-motion-effects-layer{background-color:#D28B9A;}.elementor-3137 .elementor-element.elementor-element-9a281d7{transition:background 0.3s, border 0.3s, border-radius 0.3s, box-shadow 0.3s;padding:70px 70px 70px 70px;}.elementor-3137 .elementor-element.elementor-element-9a281d7 > .elementor-background-overlay{transition:background 0.3s, border-radius 0.3s, opacity 0.3s;}.elementor-3137 .elementor-element.elementor-element-6f9b2f5 .section-title{font-size:45px;}.elementor-3137 .elementor-element.elementor-element-6f9b2f5 .sub-title{margin:10px 10px 10px 10px;}.elementor-3137 .elementor-element.elementor-element-6f9b2f5 .section-heading p{margin:100px 100px 100px 100px;padding:100px 100px 100px 100px;}.elementor-bc-flex-widget .elementor-3137 .elementor-element.elementor-element-207a742.elementor-column .elementor-widget-wrap{align-items:center;}.elementor-3137 .elementor-element.elementor-element-207a742.elementor-column.elementor-element[data-element_type=\"column\"] > .elementor-widget-wrap.elementor-element-populated{align-content:center;align-items:center;}.elementor-3137 .elementor-element.elementor-element-91ceb23 .elementor-button{background-color:var( --e-global-color-primary );border-radius:50px 50px 50px 50px;}@media(max-width:767px){.elementor-3137 .elementor-element.elementor-element-6f9b2f5 .section-title{font-size:30px;}}@media(min-width:768px){.elementor-3137 .elementor-element.elementor-element-5f3dae7{width:68%;}.elementor-3137 .elementor-element.elementor-element-207a742{width:31.282%;}}<\/style>\t\t<div data-elementor-type=\"wp-post\" data-elementor-id=\"3137\" class=\"elementor elementor-3137\">\n\t\t\t\t\t\t<section class=\"elementor-section elementor-top-section elementor-element elementor-element-b277234 elementor-section-boxed elementor-section-height-default elementor-section-height-default\" data-id=\"b277234\" data-element_type=\"section\">\n\t\t\t\t\t\t<div class=\"elementor-container elementor-column-gap-default\">\n\t\t\t\t\t<div class=\"elementor-column elementor-col-100 elementor-top-column elementor-element elementor-element-fb332db\" data-id=\"fb332db\" data-element_type=\"column\">\n\t\t\t<div class=\"elementor-widget-wrap elementor-element-populated\">\n\t\t\t\t\t\t<section class=\"elementor-section elementor-inner-section elementor-element elementor-element-9a281d7 elementor-section-full_width elementor-section-height-default elementor-section-height-default\" data-id=\"9a281d7\" data-element_type=\"section\" data-settings=\"{&quot;background_background&quot;:&quot;classic&quot;}\">\n\t\t\t\t\t\t<div class=\"elementor-container elementor-column-gap-default\">\n\t\t\t\t\t<div class=\"elementor-column elementor-col-66 elementor-inner-column elementor-element elementor-element-5f3dae7\" data-id=\"5f3dae7\" data-element_type=\"column\">\n\t\t\t<div class=\"elementor-widget-wrap elementor-element-populated\">\n\t\t\t\t\t\t<div class=\"elementor-element elementor-element-6f9b2f5 elementor-widget elementor-widget-bdevs-heading bdevselement bdevs-heading\" data-id=\"6f9b2f5\" data-element_type=\"widget\" data-settings=\"{&quot;design_style&quot;:&quot;style_3&quot;}\" data-widget_type=\"bdevs-heading.default\">\n\t\t\t\t<div class=\"elementor-widget-container\">\n\t\t\t\t\t\r\n          \r\n        <div class=\"section-heading\">\r\n                            <h4 class=\"sub-title\">\u00bfCu\u00e1ndo iniciamos? <\/h4>\r\n            \r\n            <h2 class=\"section-title d-block\">Agenda tu cita con <br>Dr. Yazmine Marimon<\/h2>\r\n            \r\n        <\/div>\r\n\r\n        \r\n        \t\t\t\t<\/div>\n\t\t\t\t<\/div>\n\t\t\t\t\t<\/div>\n\t\t<\/div>\n\t\t\t\t<div class=\"elementor-column elementor-col-33 elementor-inner-column elementor-element elementor-element-207a742\" data-id=\"207a742\" data-element_type=\"column\">\n\t\t\t<div class=\"elementor-widget-wrap elementor-element-populated\">\n\t\t\t\t\t\t<div class=\"elementor-element elementor-element-91ceb23 elementor-widget elementor-widget-button\" data-id=\"91ceb23\" data-element_type=\"widget\" data-widget_type=\"button.default\">\n\t\t\t\t<div class=\"elementor-widget-container\">\n\t\t\t\t\t\t\t\t\t<div class=\"elementor-button-wrapper\">\n\t\t\t\t\t<a class=\"elementor-button elementor-button-link elementor-size-md\" href=\"https:\/\/dr-yaz-marimon.clientsecure.me\" target=\"_blank\" data-spwidget-scope-id=\"f30157e8-4869-4502-bf81-473de58633a9\" data-spwidget-application-id=\"7c72cb9f9a9b913654bb89d6c7b4e71a77911b30192051da35384b4d0c6d505b\" data-spwidget-scope-global=\"\" data-spwidget-autobind=\"\">\n\t\t\t\t\t\t<span class=\"elementor-button-content-wrapper\">\n\t\t\t\t\t\t\t\t\t<span class=\"elementor-button-text\">SOLICITA TU CITA<\/span>\n\t\t\t\t\t<\/span>\n\t\t\t\t\t<\/a>\n\t\t\t\t<\/div>\n\t\t\t\t\t\t\t\t<\/div>\n\t\t\t\t<\/div>\n\t\t\t\t<div class=\"elementor-element elementor-element-6586405 elementor-widget elementor-widget-html\" data-id=\"6586405\" data-element_type=\"widget\" data-widget_type=\"html.default\">\n\t\t\t\t<div class=\"elementor-widget-container\">\n\t\t\t\t\t<script src=\"https:\/\/widget-cdn.simplepractice.com\/assets\/integration-1.0.js\"><\/script>\t\t\t\t<\/div>\n\t\t\t\t<\/div>\n\t\t\t\t\t<\/div>\n\t\t<\/div>\n\t\t\t\t\t<\/div>\n\t\t<\/section>\n\t\t\t\t\t<\/div>\n\t\t<\/div>\n\t\t\t\t\t<\/div>\n\t\t<\/section>\n\t\t\t\t<\/div>\n\t\t<\/div>\n\t\t\t\t\t\t<\/div>\n\t\t\t\t<\/div>\n\t\t\t\t\t<\/div>\n\t\t<\/div>\n\t\t\t\t\t<\/div>\n\t\t<\/section>\n\t\t\t\t<\/div>","protected":false},"excerpt":{"rendered":"<p>MOVIEBLOG clubhooka.com hotelsodizangretreat.com 3dsportsbetting.com electrocare.shop immobilie-als-marke.de Services Would you like to learn more about your sexuality? I have created individual and group workshops to learn about sex, human sexuality, and sexual intimacy. These are some of the topics that we cover in the workshops: The art of love: self-stimulation, oral sex, erotic techniques. Sexuality in [&hellip;]<\/p>","protected":false},"author":1,"featured_media":0,"parent":362,"menu_order":0,"comment_status":"closed","ping_status":"closed","template":"elementor_header_footer","meta":{"_acf_changed":false,"_monsterinsights_skip_tracking":false,"_monsterinsights_sitenote_active":false,"_monsterinsights_sitenote_note":"","_monsterinsights_sitenote_category":0,"footnotes":""},"class_list":["post-1508","page","type-page","status-publish","hentry"],"acf":[],"aioseo_notices":[],"_links":{"self":[{"href":"https:\/\/dryazmarimon.com\/es\/wp-json\/wp\/v2\/pages\/1508","targetHints":{"allow":["GET"]}}],"collection":[{"href":"https:\/\/dryazmarimon.com\/es\/wp-json\/wp\/v2\/pages"}],"about":[{"href":"https:\/\/dryazmarimon.com\/es\/wp-json\/wp\/v2\/types\/page"}],"author":[{"embeddable":true,"href":"https:\/\/dryazmarimon.com\/es\/wp-json\/wp\/v2\/users\/1"}],"replies":[{"embeddable":true,"href":"https:\/\/dryazmarimon.com\/es\/wp-json\/wp\/v2\/comments?post=1508"}],"version-history":[{"count":58,"href":"https:\/\/dryazmarimon.com\/es\/wp-json\/wp\/v2\/pages\/1508\/revisions"}],"predecessor-version":[{"id":3480,"href":"https:\/\/dryazmarimon.com\/es\/wp-json\/wp\/v2\/pages\/1508\/revisions\/3480"}],"up":[{"embeddable":true,"href":"https:\/\/dryazmarimon.com\/es\/wp-json\/wp\/v2\/pages\/362"}],"wp:attachment":[{"href":"https:\/\/dryazmarimon.com\/es\/wp-json\/wp\/v2\/media?parent=1508"}],"curies":[{"name":"wp","href":"https:\/\/api.w.org\/{rel}","templated":true}]}}