{"id":362,"date":"2020-06-13T14:01:10","date_gmt":"2020-06-13T14:01:10","guid":{"rendered":"http:\/\/bdevs.net\/theme\/medinet\/?page_id=362"},"modified":"2024-12-11T14:51:29","modified_gmt":"2024-12-11T14:51:29","slug":"service","status":"publish","type":"page","link":"https:\/\/dryazmarimon.com\/es\/service\/","title":{"rendered":"Servicios"},"content":{"rendered":"<style>.elementor-362 .elementor-element.elementor-element-e5f53a7{padding:50px 0px 0px 0px;}.elementor-362 .elementor-element.elementor-element-b895516{padding:00px 0px 0px 0px;}.elementor-362 .elementor-element.elementor-element-de75e63 > .elementor-container{max-width:1467px;}.elementor-362 .elementor-element.elementor-element-de75e63, .elementor-362 .elementor-element.elementor-element-de75e63 > .elementor-background-overlay{border-radius:100px 100px 100px 100px;}.elementor-362 .elementor-element.elementor-element-de75e63{margin-top:20px;margin-bottom:20px;}@media(max-width:1024px) and (min-width:768px){.elementor-362 .elementor-element.elementor-element-ae4721a{width:50%;}.elementor-362 .elementor-element.elementor-element-8907b29{width:50%;}.elementor-362 .elementor-element.elementor-element-ea79412{width:50%;}.elementor-362 .elementor-element.elementor-element-c09b215{width:50%;}.elementor-362 .elementor-element.elementor-element-d48ff27{width:50%;}.elementor-362 .elementor-element.elementor-element-b0f950a{width:50%;}}<\/style>\t\t<div data-elementor-type=\"wp-page\" data-elementor-id=\"362\" class=\"elementor elementor-362\">\n\t\t\t\t\t\t<section class=\"elementor-section elementor-top-section elementor-element elementor-element-e5f53a7 elementor-section-boxed elementor-section-height-default elementor-section-height-default\" data-id=\"e5f53a7\" data-element_type=\"section\">\n\t\t\t\t\t\t<div class=\"elementor-container elementor-column-gap-extended\">\n\t\t\t\t\t<div class=\"elementor-column elementor-col-33 elementor-top-column elementor-element elementor-element-ae4721a\" data-id=\"ae4721a\" data-element_type=\"column\">\n\t\t\t<div class=\"elementor-widget-wrap elementor-element-populated\">\n\t\t\t\t\t\t<div class=\"elementor-element elementor-element-2e9286c elementor-widget elementor-widget-html\" data-id=\"2e9286c\" data-element_type=\"widget\" data-widget_type=\"html.default\">\n\t\t\t\t<div class=\"elementor-widget-container\">\n\t\t\t\t\t<div class=\"single-service-box-4\">\n    <div class=\"thumb\">\n        <a href=\"\/es\/service\/counseling-and-learning\/\"><img loading=\"lazy\" decoding=\"async\" width=\"1920\" height=\"1280\" src=\"https:\/\/dryazmarimon.com\/wp-content\/uploads\/2022\/02\/1.-Consejeria.jpg?time=1646751356\" class=\"elementor-animation-shrink attachment-full size-full\" alt=\"\"><\/a>\n        <span class=\"count\">01<\/span>\n    <\/div>\t\t\t\t\t\n    <div class=\"content\">\n        <h2 class=\"title\"><a href=\"\/es\/service\/counseling-and-learning\/\">Consejer\u00eda<\/a><\/h2>\n        <div class=\"service-box-text\">\n            <p>Es un espacio de evaluaci\u00f3n y diagn\u00f3stico. Despu\u00e9s de un primer paso se identifica el motivo de consulta. <\/p>\n        <\/div>                          \n    <\/div>\n<\/div>\t\t\t\t<\/div>\n\t\t\t\t<\/div>\n\t\t\t\t\t<\/div>\n\t\t<\/div>\n\t\t\t\t<div class=\"elementor-column elementor-col-33 elementor-top-column elementor-element elementor-element-8907b29\" data-id=\"8907b29\" data-element_type=\"column\">\n\t\t\t<div class=\"elementor-widget-wrap elementor-element-populated\">\n\t\t\t\t\t\t<div class=\"elementor-element elementor-element-260b87d elementor-widget elementor-widget-html\" data-id=\"260b87d\" data-element_type=\"widget\" data-widget_type=\"html.default\">\n\t\t\t\t<div class=\"elementor-widget-container\">\n\t\t\t\t\t<div class=\"single-service-box-4\">\n    <div class=\"thumb\">\n        <a href=\"\/es\/service\/psychotherapy\/\"><img loading=\"lazy\" decoding=\"async\" width=\"1920\" height=\"1280\" src=\"https:\/\/dryazmarimon.com\/wp-content\/uploads\/2022\/02\/2.-Psicoterapia.jpg?time=1646751356\" class=\"elementor-animation-shrink attachment-full size-full\" alt=\"\"> <\/a> <span class=\"count\">02<\/span>  <\/div>\t\t\t\t\t\n    <div class=\"content\">\n        <h2 class=\"title\"><a href=\"\/es\/service\/psychotherapy\/\">Psicoterapia<\/a><\/h2>\n        <div class=\"service-box-text\">\n            <p>Identificamos patrones y emociones negativas hasta lograr una vida feliz, saludable y \n\nproductiva. <\/p>\n        <\/div>                          \n    <\/div>\n<\/div>\n\t\t\t\t<\/div>\n\t\t\t\t<\/div>\n\t\t\t\t\t<\/div>\n\t\t<\/div>\n\t\t\t\t<div class=\"elementor-column elementor-col-33 elementor-top-column elementor-element elementor-element-ea79412\" data-id=\"ea79412\" data-element_type=\"column\">\n\t\t\t<div class=\"elementor-widget-wrap elementor-element-populated\">\n\t\t\t\t\t\t<div class=\"elementor-element elementor-element-ad2d426 elementor-widget elementor-widget-html\" data-id=\"ad2d426\" data-element_type=\"widget\" data-widget_type=\"html.default\">\n\t\t\t\t<div class=\"elementor-widget-container\">\n\t\t\t\t\t<div class=\"single-service-box-4\">\n    <div class=\"thumb\">\n       <a href=\"\/es\/service\/coaching\/\"> <img loading=\"lazy\" decoding=\"async\" width=\"1920\" height=\"1280\" src=\"https:\/\/dryazmarimon.com\/wp-content\/uploads\/2022\/02\/3.-Coaching.jpg?time=1646751356\" class=\"elementor-animation-shrink attachment-full size-full\" alt=\"\">   <\/a>\n        <span class=\"count\">03<\/span>\n     <\/div>\t\t\t\t\t\n    <div class=\"content\">\n        <h2 class=\"title\"><a href=\"\/es\/service\/coaching\/\">Coaching<\/a><\/h2>\n        <div class=\"service-box-text\">\n            <p>Una herramienta para la vida. A trav\u00e9s de sesiones que ayuden a potenciar tu vida emocional y sexual. <\/p>\n        <\/div>                          \n    <\/div>\n<\/div>\t\t\t\t<\/div>\n\t\t\t\t<\/div>\n\t\t\t\t\t<\/div>\n\t\t<\/div>\n\t\t\t\t\t<\/div>\n\t\t<\/section>\n\t\t\t\t<section class=\"elementor-section elementor-top-section elementor-element elementor-element-b895516 elementor-section-boxed elementor-section-height-default elementor-section-height-default\" data-id=\"b895516\" data-element_type=\"section\">\n\t\t\t\t\t\t<div class=\"elementor-container elementor-column-gap-extended\">\n\t\t\t\t\t<div class=\"elementor-column elementor-col-33 elementor-top-column elementor-element elementor-element-c09b215\" data-id=\"c09b215\" data-element_type=\"column\">\n\t\t\t<div class=\"elementor-widget-wrap elementor-element-populated\">\n\t\t\t\t\t\t<div class=\"elementor-element elementor-element-5255333 elementor-widget elementor-widget-html\" data-id=\"5255333\" data-element_type=\"widget\" data-widget_type=\"html.default\">\n\t\t\t\t<div class=\"elementor-widget-container\">\n\t\t\t\t\t<div class=\"single-service-box-4\">\n    <div class=\"thumb\">\n        <a href=\"\/es\/service\/elite-vip-counseling\/\"><img loading=\"lazy\" decoding=\"async\" width=\"1920\" height=\"1280\" src=\"https:\/\/dryazmarimon.com\/wp-content\/uploads\/2022\/02\/4.-Consejeria-VIP.jpg?time=1646751356\" class=\"elementor-animation-shrink attachment-full size-full\" alt=\"\">   <\/a>\n        <span class=\"count\">04<\/span>\n     <\/div>\t\t\t\t\t\n    <div class=\"content\">\n        <h2 class=\"title\"><a href=\"\/es\/service\/elite-vip-counseling\/\">Consejer\u00eda \u00c9lite VIP<\/a><\/h2>\n        <div class=\"service-box-text\">\n            <p>Pensado para asesorar a clientes con perfiles especiales. Ideal para figuras p\u00fablicas y ejecutivos de alto nivel.<\/p>\n        <\/div>                          \n    <\/div>\n<\/div>\n\t\t\t\t<\/div>\n\t\t\t\t<\/div>\n\t\t\t\t\t<\/div>\n\t\t<\/div>\n\t\t\t\t<div class=\"elementor-column elementor-col-33 elementor-top-column elementor-element elementor-element-d48ff27\" data-id=\"d48ff27\" data-element_type=\"column\">\n\t\t\t<div class=\"elementor-widget-wrap elementor-element-populated\">\n\t\t\t\t\t\t<div class=\"elementor-element elementor-element-c4d836f elementor-widget elementor-widget-html\" data-id=\"c4d836f\" data-element_type=\"widget\" data-widget_type=\"html.default\">\n\t\t\t\t<div class=\"elementor-widget-container\">\n\t\t\t\t\t<div class=\"single-service-box-4\">\n    <div class=\"thumb\">\n        <a href=\"\/es\/service\/online-therapy\/\"><img loading=\"lazy\" decoding=\"async\" width=\"1920\" height=\"1280\" src=\"https:\/\/dryazmarimon.com\/wp-content\/uploads\/2022\/02\/5.-Terapia-Online-scaled.jpg?time=1646751356\" class=\"elementor-animation-shrink attachment-full size-full\" alt=\"\"><\/a>   \n        <span class=\"count\">05<\/span>\n     <\/div>\t\t\t\t\t\n    <div class=\"content\">\n        <h2 class=\"title\"><a href=\"\/es\/service\/online-therapy\/\">Terapia Online<\/a><\/h2>\n        <div class=\"service-box-text\">\n            <p>Sin importar d\u00f3nde te encuentres, recibe los servicios de terapia individual y\/o de pareja desde la comodidad de tu casa u oficina.<\/p>\n        <\/div>                          \n    <\/div>\n<\/div>\t\t\t\t<\/div>\n\t\t\t\t<\/div>\n\t\t\t\t\t<\/div>\n\t\t<\/div>\n\t\t\t\t<div class=\"elementor-column elementor-col-33 elementor-top-column elementor-element elementor-element-b0f950a\" data-id=\"b0f950a\" data-element_type=\"column\">\n\t\t\t<div class=\"elementor-widget-wrap elementor-element-populated\">\n\t\t\t\t\t\t<div class=\"elementor-element elementor-element-7eb8d0b elementor-widget elementor-widget-html\" data-id=\"7eb8d0b\" data-element_type=\"widget\" data-widget_type=\"html.default\">\n\t\t\t\t<div class=\"elementor-widget-container\">\n\t\t\t\t\t<div class=\"single-service-box-4\">\n    <div class=\"thumb\">\n        <a href=\"\/es\/service\/workshops\/\"><img loading=\"lazy\" decoding=\"async\" width=\"1920\" height=\"1280\" src=\"https:\/\/dryazmarimon.com\/wp-content\/uploads\/2022\/02\/6.-Talleres.jpg?time=1646751356\" class=\"elementor-animation-shrink attachment-full size-full\" alt=\"\"><\/a>   \n        <span class=\"count\">06<\/span>\n     <\/div>\t\t\t\t\t\n    <div class=\"content\">\n        <h2 class=\"title\"><a href=\"\/es\/service\/workshops\/\">Talleres<\/a><\/h2>\n        <div class=\"service-box-text\">\n            <p>\u00bfQuieres aprender m\u00e1s?A trav\u00e9s de los talleres individuales y grupales aprende sobre sexo, sexualidad e intimidad sexual.<\/p>\n        <\/div>                          \n    <\/div>\n<\/div>\t\t\t\t<\/div>\n\t\t\t\t<\/div>\n\t\t\t\t\t<\/div>\n\t\t<\/div>\n\t\t\t\t\t<\/div>\n\t\t<\/section>\n\t\t\t\t<section class=\"elementor-section elementor-top-section elementor-element elementor-element-de75e63 elementor-section-boxed elementor-section-height-default elementor-section-height-default\" data-id=\"de75e63\" data-element_type=\"section\">\n\t\t\t\t\t\t<div class=\"elementor-container elementor-column-gap-default\">\n\t\t\t\t\t<div class=\"elementor-column elementor-col-100 elementor-top-column elementor-element elementor-element-69a8a47\" data-id=\"69a8a47\" data-element_type=\"column\">\n\t\t\t<div class=\"elementor-widget-wrap elementor-element-populated\">\n\t\t\t\t\t\t<div class=\"elementor-element elementor-element-721d4b8 elementor-widget elementor-widget-shortcode\" data-id=\"721d4b8\" data-element_type=\"widget\" data-widget_type=\"shortcode.default\">\n\t\t\t\t<div class=\"elementor-widget-container\">\n\t\t\t\t\t\t\t<div class=\"elementor-shortcode\"><style>.elementor-3137 .elementor-element.elementor-element-b277234 > .elementor-container{max-width:1467px;}.elementor-3137 .elementor-element.elementor-element-b277234, .elementor-3137 .elementor-element.elementor-element-b277234 > .elementor-background-overlay{border-radius:100px 100px 100px 100px;}.elementor-3137 .elementor-element.elementor-element-b277234{margin-top:20px;margin-bottom:20px;}.elementor-3137 .elementor-element.elementor-element-9a281d7:not(.elementor-motion-effects-element-type-background), .elementor-3137 .elementor-element.elementor-element-9a281d7 > .elementor-motion-effects-container > .elementor-motion-effects-layer{background-color:#D28B9A;}.elementor-3137 .elementor-element.elementor-element-9a281d7{transition:background 0.3s, border 0.3s, border-radius 0.3s, box-shadow 0.3s;padding:70px 70px 70px 70px;}.elementor-3137 .elementor-element.elementor-element-9a281d7 > .elementor-background-overlay{transition:background 0.3s, border-radius 0.3s, opacity 0.3s;}.elementor-3137 .elementor-element.elementor-element-6f9b2f5 .section-title{font-size:45px;}.elementor-3137 .elementor-element.elementor-element-6f9b2f5 .sub-title{margin:10px 10px 10px 10px;}.elementor-3137 .elementor-element.elementor-element-6f9b2f5 .section-heading p{margin:100px 100px 100px 100px;padding:100px 100px 100px 100px;}.elementor-bc-flex-widget .elementor-3137 .elementor-element.elementor-element-207a742.elementor-column .elementor-widget-wrap{align-items:center;}.elementor-3137 .elementor-element.elementor-element-207a742.elementor-column.elementor-element[data-element_type=\"column\"] > .elementor-widget-wrap.elementor-element-populated{align-content:center;align-items:center;}.elementor-3137 .elementor-element.elementor-element-91ceb23 .elementor-button{background-color:var( --e-global-color-primary );border-radius:50px 50px 50px 50px;}@media(max-width:767px){.elementor-3137 .elementor-element.elementor-element-6f9b2f5 .section-title{font-size:30px;}}@media(min-width:768px){.elementor-3137 .elementor-element.elementor-element-5f3dae7{width:68%;}.elementor-3137 .elementor-element.elementor-element-207a742{width:31.282%;}}<\/style>\t\t<div data-elementor-type=\"wp-post\" data-elementor-id=\"3137\" class=\"elementor elementor-3137\">\n\t\t\t\t\t\t<section class=\"elementor-section elementor-top-section elementor-element elementor-element-b277234 elementor-section-boxed elementor-section-height-default elementor-section-height-default\" data-id=\"b277234\" data-element_type=\"section\">\n\t\t\t\t\t\t<div class=\"elementor-container elementor-column-gap-default\">\n\t\t\t\t\t<div class=\"elementor-column elementor-col-100 elementor-top-column elementor-element elementor-element-fb332db\" data-id=\"fb332db\" data-element_type=\"column\">\n\t\t\t<div class=\"elementor-widget-wrap elementor-element-populated\">\n\t\t\t\t\t\t<section class=\"elementor-section elementor-inner-section elementor-element elementor-element-9a281d7 elementor-section-full_width elementor-section-height-default elementor-section-height-default\" data-id=\"9a281d7\" data-element_type=\"section\" data-settings=\"{&quot;background_background&quot;:&quot;classic&quot;}\">\n\t\t\t\t\t\t<div class=\"elementor-container elementor-column-gap-default\">\n\t\t\t\t\t<div class=\"elementor-column elementor-col-66 elementor-inner-column elementor-element elementor-element-5f3dae7\" data-id=\"5f3dae7\" data-element_type=\"column\">\n\t\t\t<div class=\"elementor-widget-wrap elementor-element-populated\">\n\t\t\t\t\t\t<div class=\"elementor-element elementor-element-6f9b2f5 elementor-widget elementor-widget-bdevs-heading bdevselement bdevs-heading\" data-id=\"6f9b2f5\" data-element_type=\"widget\" data-settings=\"{&quot;design_style&quot;:&quot;style_3&quot;}\" data-widget_type=\"bdevs-heading.default\">\n\t\t\t\t<div class=\"elementor-widget-container\">\n\t\t\t\t\t\r\n          \r\n        <div class=\"section-heading\">\r\n                            <h4 class=\"sub-title\">\u00bfCu\u00e1ndo iniciamos? <\/h4>\r\n            \r\n            <h2 class=\"section-title d-block\">Agenda tu cita con <br>Dr. Yazmine Marimon<\/h2>\r\n            \r\n        <\/div>\r\n\r\n        \r\n        \t\t\t\t<\/div>\n\t\t\t\t<\/div>\n\t\t\t\t\t<\/div>\n\t\t<\/div>\n\t\t\t\t<div class=\"elementor-column elementor-col-33 elementor-inner-column elementor-element elementor-element-207a742\" data-id=\"207a742\" data-element_type=\"column\">\n\t\t\t<div class=\"elementor-widget-wrap elementor-element-populated\">\n\t\t\t\t\t\t<div class=\"elementor-element elementor-element-91ceb23 elementor-widget elementor-widget-button\" data-id=\"91ceb23\" data-element_type=\"widget\" data-widget_type=\"button.default\">\n\t\t\t\t<div class=\"elementor-widget-container\">\n\t\t\t\t\t\t\t\t\t<div class=\"elementor-button-wrapper\">\n\t\t\t\t\t<a class=\"elementor-button elementor-button-link elementor-size-md\" href=\"https:\/\/dr-yaz-marimon.clientsecure.me\" target=\"_blank\" data-spwidget-scope-id=\"f30157e8-4869-4502-bf81-473de58633a9\" data-spwidget-application-id=\"7c72cb9f9a9b913654bb89d6c7b4e71a77911b30192051da35384b4d0c6d505b\" data-spwidget-scope-global=\"\" data-spwidget-autobind=\"\">\n\t\t\t\t\t\t<span class=\"elementor-button-content-wrapper\">\n\t\t\t\t\t\t\t\t\t<span class=\"elementor-button-text\">SOLICITA TU CITA<\/span>\n\t\t\t\t\t<\/span>\n\t\t\t\t\t<\/a>\n\t\t\t\t<\/div>\n\t\t\t\t\t\t\t\t<\/div>\n\t\t\t\t<\/div>\n\t\t\t\t<div class=\"elementor-element elementor-element-6586405 elementor-widget elementor-widget-html\" data-id=\"6586405\" data-element_type=\"widget\" data-widget_type=\"html.default\">\n\t\t\t\t<div class=\"elementor-widget-container\">\n\t\t\t\t\t<script src=\"https:\/\/widget-cdn.simplepractice.com\/assets\/integration-1.0.js\"><\/script>\t\t\t\t<\/div>\n\t\t\t\t<\/div>\n\t\t\t\t\t<\/div>\n\t\t<\/div>\n\t\t\t\t\t<\/div>\n\t\t<\/section>\n\t\t\t\t\t<\/div>\n\t\t<\/div>\n\t\t\t\t\t<\/div>\n\t\t<\/section>\n\t\t\t\t<\/div>\n\t\t<\/div>\n\t\t\t\t\t\t<\/div>\n\t\t\t\t<\/div>\n\t\t\t\t\t<\/div>\n\t\t<\/div>\n\t\t\t\t\t<\/div>\n\t\t<\/section>\n\t\t\t\t<\/div>","protected":false},"excerpt":{"rendered":"<p>01 Counseling It is a space of evaluation and diagnosis. After a first approach, we identify the reason(s) for consultation. 02 Psychotherapy We identify patterns and negative emotions until we reach a happy, healthy, and productive life. 03 Coaching It is a great tool for your everyday life through sessions that can help you boost [&hellip;]<\/p>","protected":false},"author":1,"featured_media":0,"parent":0,"menu_order":0,"comment_status":"closed","ping_status":"closed","template":"elementor_header_footer","meta":{"_acf_changed":false,"_monsterinsights_skip_tracking":false,"_monsterinsights_sitenote_active":false,"_monsterinsights_sitenote_note":"","_monsterinsights_sitenote_category":0,"footnotes":""},"class_list":["post-362","page","type-page","status-publish","hentry"],"acf":[],"aioseo_notices":[],"_links":{"self":[{"href":"https:\/\/dryazmarimon.com\/es\/wp-json\/wp\/v2\/pages\/362","targetHints":{"allow":["GET"]}}],"collection":[{"href":"https:\/\/dryazmarimon.com\/es\/wp-json\/wp\/v2\/pages"}],"about":[{"href":"https:\/\/dryazmarimon.com\/es\/wp-json\/wp\/v2\/types\/page"}],"author":[{"embeddable":true,"href":"https:\/\/dryazmarimon.com\/es\/wp-json\/wp\/v2\/users\/1"}],"replies":[{"embeddable":true,"href":"https:\/\/dryazmarimon.com\/es\/wp-json\/wp\/v2\/comments?post=362"}],"version-history":[{"count":85,"href":"https:\/\/dryazmarimon.com\/es\/wp-json\/wp\/v2\/pages\/362\/revisions"}],"predecessor-version":[{"id":4377,"href":"https:\/\/dryazmarimon.com\/es\/wp-json\/wp\/v2\/pages\/362\/revisions\/4377"}],"wp:attachment":[{"href":"https:\/\/dryazmarimon.com\/es\/wp-json\/wp\/v2\/media?parent=362"}],"curies":[{"name":"wp","href":"https:\/\/api.w.org\/{rel}","templated":true}]}}