{"id":382,"date":"2020-06-13T17:56:33","date_gmt":"2020-06-13T17:56:33","guid":{"rendered":"http:\/\/bdevs.net\/theme\/medinet\/?page_id=382"},"modified":"2024-12-11T14:49:51","modified_gmt":"2024-12-11T14:49:51","slug":"about-us","status":"publish","type":"page","link":"https:\/\/dryazmarimon.com\/es\/about-us\/","title":{"rendered":"Dr. Yazmine Marimon"},"content":{"rendered":"<style>.elementor-382 .elementor-element.elementor-element-3ded94b > .elementor-widget-container{padding:30px 0px 0px 0px;}<\/style>\t\t<div data-elementor-type=\"wp-page\" data-elementor-id=\"382\" class=\"elementor elementor-382\">\n\t\t\t\t\t\t<section class=\"elementor-section elementor-top-section elementor-element elementor-element-9145f8f elementor-section-full_width elementor-section-stretched elementor-section-height-default elementor-section-height-default\" data-id=\"9145f8f\" data-element_type=\"section\" data-settings=\"{&quot;stretch_section&quot;:&quot;section-stretched&quot;}\">\n\t\t\t\t\t\t<div class=\"elementor-container elementor-column-gap-no\">\n\t\t\t\t\t<div class=\"elementor-column elementor-col-100 elementor-top-column elementor-element elementor-element-f0b18e6\" data-id=\"f0b18e6\" data-element_type=\"column\">\n\t\t\t<div class=\"elementor-widget-wrap elementor-element-populated\">\n\t\t\t\t\t\t<div class=\"elementor-element elementor-element-b098b8f elementor-widget elementor-widget-html\" data-id=\"b098b8f\" data-element_type=\"widget\" data-widget_type=\"html.default\">\n\t\t\t\t<div class=\"elementor-widget-container\">\n\t\t\t\t\t<section class=\"our-mission-area\">\n            <div class=\"container\">\n                <div class=\"row\">\n                    <div class=\"col-lg-5\">\n                        <div class=\"section-heading mb-60 mt-75\">\n                                                            <h4 class=\"sub-title\" >Dr. Yazmine Marimon<\/h4>\n                                                        <h1 style=\"font-size: 50px; margin-right: -50px;color:#343434; class=\"section-title\">10 a\u00f1os de experiencia. Terapia de pareja, relaciones, traumas y adicciones<span>.<\/span><\/h1>\n                                                        \n                                                        <p>Me llamo Yazmine Marimon. Soy psicoterapeuta y consejera licenciada en salud mental con m\u00e1s de diez a\u00f1os de experiencia. Me especializo en disfunciones sexuales, intimidad sexual, comunicaci\u00f3n, trauma y adicci\u00f3n.<\/p>\n\n<p style=\"color:#343434;\">Comenc\u00e9 mis estudios en mi pa\u00eds natal Cuba,  y continu\u00e9 mi carrera educativa y profesional en los Estados Unidos. Desde entonces, he desarrollado una amplia gama de servicios en el \u00e1rea de la salud mental y sexual  en forma de consejer\u00eda y terapia individual y de parejas tanto en espa\u00f1ol como en ingl\u00e9s. <\/p>\n\n<p>He tenido la oportunidad de trabajar en otros pa\u00edses como M\u00e9xico, y desde Miami, con personas de diferentes culturas, y nacionalidades online y presencial.  \n<\/p>\n<p>Tambi\u00e9n he desarrollado programas de formaci\u00f3n a trav\u00e9s de la modalidad de talleres. Mi objetivo es aprender juntos, compartir conocimientos y lograr espacios de comunicaci\u00f3n m\u00e1s sanos y asertivos con nuestros afectos m\u00e1s cercanos. \n<\/p>\n<p>\nQuiero ayudarte a dar ese paso que necesitas para cambiar tu vida. <\/p>\n                                                    <\/div>\n                        <div class=\"faq-widget\">\n                            <div class=\"accordion faqs\" id=\"accordionFaq\">\n                                                                \n                                <div class=\"card\">\n                                    <div class=\"card-header\" id=\"heading0\">\n                                        <h5 class=\"mb-0 subtitle\">\n                                            <button class=\"btn btn-link\" type=\"button\" data-toggle=\"collapse\" data-target=\"#collapse1\" aria-expanded=\"false\" aria-controls=\"collapse0\">\n                                                Grados y certificados                                            <\/button>\n                                        <\/h5>\n                                    <\/div>\n                                    <div id=\"collapse1\" class=\"collapse\" aria-labelledby=\"heading0\" data-parent=\"#accordionFaq\">\n                                        <div class=\"card-body\">\n                                          \n                                            <div class=\"content contentTextAU\"style=\"color: black;\">\n                                                <p><b>Doctorate in Clinical Sexology.<\/b> International Institute of Clinical Sexology Miami, Florida.<br><br>\n<b>Master in Mental Health Counseling.<\/b> Nova Southeastern University, Florida.<br><br>\n<b>Bachelor in Psychology.<\/b> Havana University, Cuba. Sex Therapy Certification. Sex therapy Training Institute, Miami Florida.<br><br>\n<b>Training in Encounter - Centered Couples Therapy.<\/b> Hedy and Yumi Schleifer<br><br>\n<b>Certified Addiction Professional (CAP).<\/b> International Certification &amp; Reciprocity Consortium) and Florida Certification Board (FCB).<br><br>\n<b>Substance Abuse Professional Certification (SAP)<\/b>. The association for Addiction Professionals (NAADAC). Qualified professional to complete evaluations for the Department of Transportation (DOT) in the USA. <br><br>\n<b>Certified Alcohol and Drug Counselor (ICR-ADC)<\/b> by IC&amp;RC . No 801844. Florida Board Certification<br><br>\n<b>Eye Movement Desensitization Reprocessing (EMDR) Basic and Advanced Certification.<\/b> <br><br>\n<b>Qualified Supervisor for Mental Health Counselor Approved by the Florida Board of Clinical Social Work, Marriage &amp; Family Therapy and Mental Health Counseling.<\/b><br><br><\/p>\n                                            <\/div>\n                                        <\/div>\n                                    <\/div>\n                                <\/div>\n                                                                \n                                <div class=\"card\">\n                                    <div class=\"card-header\" id=\"heading1\">\n                                        <h5 class=\"mb-0 subtitle\">\n                                            <button class=\"btn btn-link collapsed\" type=\"button\" data-toggle=\"collapse\" data-target=\"#collapse0\" aria-expanded=\"true\" aria-controls=\"collapse1\">\n                                                Pr\u00e1ctica y experiencia en el campo                                        <\/button>\n                                        <\/h5>\n                                    <\/div>\n                                    <div id=\"collapse0\" class=\"collapse show\" aria-labelledby=\"heading1\" data-parent=\"#accordionFaq\">\n                                        <div class=\"card-body\">\n                                            <div class=\"content contentTextAU\">\n                                                \n<ul>\n<li>Tengo m\u00e1s de diez a\u00f1os de experiencia en consejer\u00eda de salud mental, terapia de pareja, terapia y educaci\u00f3n sexual, adicci\u00f3n y trauma.<\/li>\n<li>Soy miembro de la Asociaci\u00f3n Estadounidense de Consejer\u00eda (American Counseling Association).<\/li>\n<li>He desarrollado actividades grupales, conferencias y talleres sobre sexualidad y relaciones de parejas a diferentes poblaciones y edades: adolescentes, mujeres y, tambi\u00e9n, a profesionales de la salud mental.<\/li>\n<li>He trabajado como instructora en la Universidad de La Habana (Cuba), Universidad An\u00e1huac (M\u00e9xico), Universidad de Doxa (Estados Unidos) y Sex therapy Training Institute (STTI), Miami, Florida. en el Instituto de Capacitaci\u00f3n en Terapia Sexual (EUA).<\/li>\n<li>He creado el Instituto Internacional de Terapia y Educaci\u00f3n Sexual (IITES) un espacio de formaci\u00f3n educativa a profesionales de la salud y de la educaci\u00f3n en el \u00e1rea de la Sexolog\u00eda. <\/li>\n<\/ul>\n\n                                            <\/div>\n                                        <\/div>\n                                    <\/div>\n                                <\/div>\n                                                            <\/div>\n                        <\/div>\n                    <\/div>\n                    <div class=\"col-lg-6 offset-lg-1\">\n                        <div class=\"our-mission-thumb\">\n                                                        <div class=\"mission-thumb-big\">\n                                <img decoding=\"async\" src=\"https:\/\/dryazmarimon.com\/wp-content\/uploads\/2022\/02\/Sobre-mi-2-1-scaled.jpg\" alt=\"\">\n                            <\/div>\n                            \n                                                        <div class=\"mission-thumb-small\">\n                                <img decoding=\"async\" src=\"https:\/\/dryazmarimon.com\/wp-content\/\/uploads\/2022\/02\/Sobre-mi-3-scaled-e1644860435390.jpg\" alt=\"\">\n                            <\/div>\n                                                    <\/div>\n                    <\/div>\n                <\/div>\n            <\/div>\n        <\/section>\t\t\t\t<\/div>\n\t\t\t\t<\/div>\n\t\t\t\t<div class=\"elementor-element elementor-element-3ded94b elementor-widget elementor-widget-html\" data-id=\"3ded94b\" data-element_type=\"widget\" data-widget_type=\"html.default\">\n\t\t\t\t<div class=\"elementor-widget-container\">\n\t\t\t\t\t<section class=\"counter-area pt-100 pb-100\">\n            <div class=\"counter-bg\" data-background=\"https:\/\/dryazmarimon.com\/wp-content\/uploads\/2022\/02\/Fondo-estadi\u0301sticas-1-768x512.jpg\" style=\"background-image: url(&quot;https:\/\/secureservercdn.net\/198.71.233.27\/292.f2f.myftpupload.com\/wp-content\/uploads\/2022\/02\/Fondo-estadi\u0301sticas-1-768x512.jpg&quot;);\"><\/div>\n            <div class=\"container\">\n                <div class=\"row\">\n                    <div class=\"col-lg-12\">\n                        <div class=\"counter-area-wrap\">\n                            <div class=\"counter-wrap\">\n                                                                <div class=\"single-counter-box pb-50\">\n                                                                        <div class=\"icon\">\n                                        <img decoding=\"async\" src=\"https:\/\/dryazmarimon.com\/\/wp-content\/uploads\/2022\/02\/Iconos-07-e1644861388868.png?time=1646831988\" alt=\"\">\n                                    <\/div>\n                                    \n                                    <div class=\"content\">\n                                                                                <h2 class=\"title\"><span class=\"counter\">70<\/span>%<\/h2>\n                                                                                                                        <p>Es el porcentaje de \u00e9xito aproximado al acudir a una terapia de pareja.&nbsp;<\/p>\n                                                                            <\/div>\n                                <\/div>\n                                                                <div class=\"single-counter-box pb-50\">\n                                                                        <div class=\"icon\">\n                                        <img decoding=\"async\" src=\"https:\/\/dryazmarimon.com\/wp-content\/uploads\/2022\/02\/Iconos-08-e1644861501832.png?time=1646831988\" alt=\"\">\n                                    <\/div>\n                                    \n                                    <div class=\"content\">\n                                                                                <h2 class=\"title\"><span class=\"counter\">50<\/span>M<\/h2>\n                                                                                                                        <p>Cerca de 50 millones de personas en la Regi\u00f3n de las Am\u00e9ricas viven con depresi\u00f3n.\n<\/p>\n                                                                            <\/div>\n                                <\/div>\n                                                                <div class=\"single-counter-box pb-50\">\n                                                                        <div class=\"icon\">\n                                        <img decoding=\"async\" src=\"https:\/\/dryazmarimon.com\/wp-content\/uploads\/2022\/03\/Iconos-09-e1646954207946.png\" alt=\"\">\n                                    <\/div>\n                                    \n                                    <div class=\"content\">\n                                                                                <h2 class=\"title\"><span class=\"counter\">6<\/span>%<\/h2>\n                                                                                                                        <p>Cerca del 6% de la  poblaci\u00f3n adulta de EE.UU es afectada por la adicci\u00f3n sexual \n<\/p>\n                                                                            <\/div>\n                                <\/div>\n                                                                <div class=\"single-counter-box pb-50\">\n                                                                        <div class=\"icon\">\n                                        <img decoding=\"async\" src=\"https:\/\/dryazmarimon.com\/wp-content\/uploads\/2022\/03\/Iconos-10-e1646954221772.png\" alt=\"\">\n                                    <\/div>\n                                    \n                                    <div class=\"content\">\n                                                                                <h2 class=\"title\"><span class=\"counter\">33<\/span>%<\/h2>\n                                                                                                                        <p>Alrededor del 33% de las mujeres carecen de inter\u00e9s en el sexo.&nbsp;<\/p>\n                                                                            <\/div>\n                                <\/div>\n                                                            <\/div>\n                        <\/div>\n                    <\/div>\n                <\/div>\n            <\/div>\n        <\/section>\t\t\t\t<\/div>\n\t\t\t\t<\/div>\n\t\t\t\t\t<\/div>\n\t\t<\/div>\n\t\t\t\t\t<\/div>\n\t\t<\/section>\n\t\t\t\t<\/div>","protected":false},"excerpt":{"rendered":"<p>Dr. Yazmine Marimon<\/p>","protected":false},"author":1,"featured_media":0,"parent":0,"menu_order":0,"comment_status":"closed","ping_status":"closed","template":"","meta":{"_acf_changed":false,"_monsterinsights_skip_tracking":false,"_monsterinsights_sitenote_active":false,"_monsterinsights_sitenote_note":"","_monsterinsights_sitenote_category":0,"footnotes":""},"class_list":["post-382","page","type-page","status-publish","hentry"],"acf":[],"aioseo_notices":[],"_links":{"self":[{"href":"https:\/\/dryazmarimon.com\/es\/wp-json\/wp\/v2\/pages\/382","targetHints":{"allow":["GET"]}}],"collection":[{"href":"https:\/\/dryazmarimon.com\/es\/wp-json\/wp\/v2\/pages"}],"about":[{"href":"https:\/\/dryazmarimon.com\/es\/wp-json\/wp\/v2\/types\/page"}],"author":[{"embeddable":true,"href":"https:\/\/dryazmarimon.com\/es\/wp-json\/wp\/v2\/users\/1"}],"replies":[{"embeddable":true,"href":"https:\/\/dryazmarimon.com\/es\/wp-json\/wp\/v2\/comments?post=382"}],"version-history":[{"count":150,"href":"https:\/\/dryazmarimon.com\/es\/wp-json\/wp\/v2\/pages\/382\/revisions"}],"predecessor-version":[{"id":4374,"href":"https:\/\/dryazmarimon.com\/es\/wp-json\/wp\/v2\/pages\/382\/revisions\/4374"}],"wp:attachment":[{"href":"https:\/\/dryazmarimon.com\/es\/wp-json\/wp\/v2\/media?parent=382"}],"curies":[{"name":"wp","href":"https:\/\/api.w.org\/{rel}","templated":true}]}}